{"id":8692,"date":"2022-12-19T10:54:00","date_gmt":"2022-12-19T09:54:00","guid":{"rendered":"https:\/\/demo.casethemes.net\/adsett\/?page_id=8692"},"modified":"2025-10-02T06:50:55","modified_gmt":"2025-10-02T06:50:55","slug":"projeler","status":"publish","type":"page","link":"https:\/\/www.somprefabrik.com\/en\/projeler\/","title":{"rendered":"Projects"},"content":{"rendered":"<div data-elementor-type=\"wp-page\" data-elementor-id=\"8692\" class=\"elementor elementor-8692\">\n\t\t\t\t        <section class=\"elementor-section elementor-top-section elementor-element elementor-element-3d39672 elementor-section-boxed elementor-section-height-default elementor-section-height-default pxl-section-line-left-no pxl-section-line-right-no pxl-section-static-pos-no pxl-section-overflow-hidden-no\" data-id=\"3d39672\" data-element_type=\"section\" data-e-type=\"section\">\n\n                \n                <div class=\"elementor-container elementor-column-gap-default\">\n                <div class=\"elementor-column elementor-col-100 elementor-top-column elementor-element elementor-element-a55adc3 pxl-column-element-default pxl-column-overflow-hidden-no\" data-id=\"a55adc3\" data-element_type=\"column\" data-e-type=\"column\">\r\n        <div class=\"elementor-widget-wrap elementor-element-populated\">\r\n                     \r\n        \t\t<div class=\"elementor-element elementor-element-f8799cc pxl-post-layout-portfolio-2 pxl-wg-bd-anm-no elementor-widget elementor-widget-pxl_post_grid\" data-id=\"f8799cc\" data-element_type=\"widget\" data-e-type=\"widget\" data-widget_type=\"pxl_post_grid.default\">\n\t\t\t\t<div class=\"elementor-widget-container\">\n\t\t\t\t\t\r\n<div id=\"pxl_post_grid-f8799cc-7114\" class=\"pxl-grid pxl-portfolio-grid layout-portfolio-2\" data-layout-mode=\"masonry\" data-start-page=\"1\" data-max-pages=\"1\" data-total=\"7\" data-perpage=\"9\" data-next-link=\"\">\r\n    <div class=\"pxl-grid-overlay\"><\/div>\r\n    \r\n    <div class=\"pxl-grid-inner pxl-grid-masonry row relative overflow-hidden animation-time\"> \r\n                <div class=\"grid-item col-xxl-4 col-xl-4 col-lg-4 col-md-6 col-sm-6 col-xs-12 pxl-animate pxl-invisible animated-normal\" data-settings=\"{&quot;animation&quot;:&quot;fadeInUp&quot;,&quot;animation_delay&quot;:100}\">\r\n            <div class=\"grid-item-inner relative\">\r\n                                    <div class=\"item-featured\">\r\n                        <a href=\"https:\/\/www.somprefabrik.com\/en\/portfolio\/bahariye\/\">\r\n                            <figure class=\"post-thumbs\">\r\n                            <img fetchpriority=\"high\" decoding=\"async\" class=\"no-lazyload\" src=\"https:\/\/www.somprefabrik.com\/wp-content\/uploads\/2026\/02\/bahariye.png\" width=\"620\" height=\"380\" alt=\"bahariye\" title=\"bahariye\" \/>   \r\n                            <\/figure> \r\n                        <\/a>\r\n                    <\/div>\r\n                                <h4 class=\"item-title\">\r\n                    <a href=\"https:\/\/www.somprefabrik.com\/en\/portfolio\/bahariye\/\">Bahariye<\/a>\r\n                <\/h4> \r\n                <div class=\"pxl-bd-anm bb\"><\/div>\r\n                <div class=\"item-metas d-flex-wrap justify-content-between\">\r\n                                            <div class=\"item-category\">\r\n                                                    <\/div>\r\n                                                                <div class=\"item-location\"><span class=\"pxl-icon pxli pxli-pin\"><\/span>VEL\u0130ME\u015eE\/TEK\u0130RDA\u011e<\/div>\r\n                                    <\/div>\r\n            <\/div>\r\n        <\/div>\r\n            <div class=\"grid-item col-xxl-4 col-xl-4 col-lg-4 col-md-6 col-sm-6 col-xs-12 pxl-animate pxl-invisible animated-normal\" data-settings=\"{&quot;animation&quot;:&quot;fadeInUp&quot;,&quot;animation_delay&quot;:100}\">\r\n            <div class=\"grid-item-inner relative\">\r\n                                    <div class=\"item-featured\">\r\n                        <a href=\"https:\/\/www.somprefabrik.com\/en\/portfolio\/sahin-vinc\/\">\r\n                            <figure class=\"post-thumbs\">\r\n                            <img decoding=\"async\" class=\"no-lazyload\" src=\"https:\/\/www.somprefabrik.com\/wp-content\/uploads\/2026\/02\/sahin-vinc.png\" width=\"620\" height=\"380\" alt=\"\u015fahin vin\u00e7\" title=\"\u015fahin vin\u00e7\" \/>   \r\n                            <\/figure> \r\n                        <\/a>\r\n                    <\/div>\r\n                                <h4 class=\"item-title\">\r\n                    <a href=\"https:\/\/www.somprefabrik.com\/en\/portfolio\/sahin-vinc\/\">\u015eahin Vin\u00e7<\/a>\r\n                <\/h4> \r\n                <div class=\"pxl-bd-anm bb\"><\/div>\r\n                <div class=\"item-metas d-flex-wrap justify-content-between\">\r\n                                            <div class=\"item-category\">\r\n                                                    <\/div>\r\n                                                                <div class=\"item-location\"><span class=\"pxl-icon pxli pxli-pin\"><\/span>VEL\u0130K\u00d6Y OSB \/TEK\u0130RDA\u011e<\/div>\r\n                                    <\/div>\r\n            <\/div>\r\n        <\/div>\r\n            <div class=\"grid-item col-xxl-4 col-xl-4 col-lg-4 col-md-6 col-sm-6 col-12\" >\r\n            <div class=\"grid-item-inner relative\">\r\n                                    <div class=\"item-featured\">\r\n                        <a href=\"https:\/\/www.somprefabrik.com\/en\/portfolio\/cetin-grup\/\">\r\n                            <figure class=\"post-thumbs\">\r\n                            <img decoding=\"async\" class=\"no-lazyload\" src=\"https:\/\/www.somprefabrik.com\/wp-content\/uploads\/2026\/02\/cetin-grup-310x190.png\" width=\"310\" height=\"190\" alt=\"\u00e7etin grup\" title=\"\u00e7etin grup\" \/>   \r\n                            <\/figure> \r\n                        <\/a>\r\n                    <\/div>\r\n                                <h4 class=\"item-title\">\r\n                    <a href=\"https:\/\/www.somprefabrik.com\/en\/portfolio\/cetin-grup\/\">\u00c7etin Grup<\/a>\r\n                <\/h4> \r\n                <div class=\"pxl-bd-anm bb\"><\/div>\r\n                <div class=\"item-metas d-flex-wrap justify-content-between\">\r\n                                            <div class=\"item-category\">\r\n                                                    <\/div>\r\n                                                                <div class=\"item-location\"><span class=\"pxl-icon pxli pxli-pin\"><\/span>KAPAKLI\/\u00c7ERKEZK\u00d6Y\/TEK\u0130RDA\u011e<\/div>\r\n                                    <\/div>\r\n            <\/div>\r\n        <\/div>\r\n            <div class=\"grid-item col-xxl-4 col-xl-4 col-lg-4 col-md-6 col-sm-6 col-12\" >\r\n            <div class=\"grid-item-inner relative\">\r\n                                    <div class=\"item-featured\">\r\n                        <a href=\"https:\/\/www.somprefabrik.com\/en\/portfolio\/kapicioglu-insaat\/\">\r\n                            <figure class=\"post-thumbs\">\r\n                            <img loading=\"lazy\" decoding=\"async\" class=\"no-lazyload\" src=\"https:\/\/www.somprefabrik.com\/wp-content\/uploads\/2026\/02\/kapicioglu-310x190.png\" width=\"310\" height=\"190\" alt=\"kap\u0131c\u0131o\u011flu\" title=\"kap\u0131c\u0131o\u011flu\" \/>   \r\n                            <\/figure> \r\n                        <\/a>\r\n                    <\/div>\r\n                                <h4 class=\"item-title\">\r\n                    <a href=\"https:\/\/www.somprefabrik.com\/en\/portfolio\/kapicioglu-insaat\/\">Kap\u0131c\u0131o\u011flu \u0130n\u015faat<\/a>\r\n                <\/h4> \r\n                <div class=\"pxl-bd-anm bb\"><\/div>\r\n                <div class=\"item-metas d-flex-wrap justify-content-between\">\r\n                                            <div class=\"item-category\">\r\n                                                    <\/div>\r\n                                                                <div class=\"item-location\"><span class=\"pxl-icon pxli pxli-pin\"><\/span>KOSB\/KIRKLAREL\u0130 <\/div>\r\n                                    <\/div>\r\n            <\/div>\r\n        <\/div>\r\n            <div class=\"grid-item col-xxl-4 col-xl-4 col-lg-4 col-md-6 col-sm-6 col-12\" >\r\n            <div class=\"grid-item-inner relative\">\r\n                                    <div class=\"item-featured\">\r\n                        <a href=\"https:\/\/www.somprefabrik.com\/en\/portfolio\/model-sanayi-merkezi\/\">\r\n                            <figure class=\"post-thumbs\">\r\n                            <img loading=\"lazy\" decoding=\"async\" class=\"no-lazyload\" src=\"https:\/\/www.somprefabrik.com\/wp-content\/uploads\/2025\/10\/model-1-1024x767-1-310x190.jpg\" width=\"310\" height=\"190\" alt=\"model-1-1024x767\" title=\"model-1-1024x767\" \/>   \r\n                            <\/figure> \r\n                        <\/a>\r\n                    <\/div>\r\n                                <h4 class=\"item-title\">\r\n                    <a href=\"https:\/\/www.somprefabrik.com\/en\/portfolio\/model-sanayi-merkezi\/\">Model Industrial Center<\/a>\r\n                <\/h4> \r\n                <div class=\"pxl-bd-anm bb\"><\/div>\r\n                <div class=\"item-metas d-flex-wrap justify-content-between\">\r\n                                            <div class=\"item-category\">\r\n                                                    <\/div>\r\n                                                                <div class=\"item-location\"><span class=\"pxl-icon pxli pxli-pin\"><\/span>Kapakl\u0131\/Tekirda\u011f<\/div>\r\n                                    <\/div>\r\n            <\/div>\r\n        <\/div>\r\n            <div class=\"grid-item col-xxl-4 col-xl-4 col-lg-4 col-md-6 col-sm-6 col-12\" >\r\n            <div class=\"grid-item-inner relative\">\r\n                                    <div class=\"item-featured\">\r\n                        <a href=\"https:\/\/www.somprefabrik.com\/en\/portfolio\/tatsan-helva\/\">\r\n                            <figure class=\"post-thumbs\">\r\n                            <img loading=\"lazy\" decoding=\"async\" class=\"no-lazyload\" src=\"https:\/\/www.somprefabrik.com\/wp-content\/uploads\/2025\/10\/1-2-310x190.jpg\" width=\"310\" height=\"190\" alt=\"1 (2)\" title=\"1 (2)\" \/>   \r\n                            <\/figure> \r\n                        <\/a>\r\n                    <\/div>\r\n                                <h4 class=\"item-title\">\r\n                    <a href=\"https:\/\/www.somprefabrik.com\/en\/portfolio\/tatsan-helva\/\">TATSAN HELVA<\/a>\r\n                <\/h4> \r\n                <div class=\"pxl-bd-anm bb\"><\/div>\r\n                <div class=\"item-metas d-flex-wrap justify-content-between\">\r\n                                            <div class=\"item-category\">\r\n                                                    <\/div>\r\n                                                                <div class=\"item-location\"><span class=\"pxl-icon pxli pxli-pin\"><\/span>K\u0131rklareli OSB.<\/div>\r\n                                    <\/div>\r\n            <\/div>\r\n        <\/div>\r\n            <div class=\"grid-item col-xxl-4 col-xl-4 col-lg-4 col-md-6 col-sm-6 col-12\" >\r\n            <div class=\"grid-item-inner relative\">\r\n                                    <div class=\"item-featured\">\r\n                        <a href=\"https:\/\/www.somprefabrik.com\/en\/portfolio\/opkon-optik-elektronik\/\">\r\n                            <figure class=\"post-thumbs\">\r\n                            <img loading=\"lazy\" decoding=\"async\" class=\"no-lazyload\" src=\"https:\/\/www.somprefabrik.com\/wp-content\/uploads\/2022\/06\/1-2fs-310x190.jpg\" width=\"310\" height=\"190\" alt=\"1-2fs\" title=\"1-2fs\" \/>   \r\n                            <\/figure> \r\n                        <\/a>\r\n                    <\/div>\r\n                                <h4 class=\"item-title\">\r\n                    <a href=\"https:\/\/www.somprefabrik.com\/en\/portfolio\/opkon-optik-elektronik\/\">OPKON OPTICAL ELECTRONICS<\/a>\r\n                <\/h4> \r\n                <div class=\"pxl-bd-anm bb\"><\/div>\r\n                <div class=\"item-metas d-flex-wrap justify-content-between\">\r\n                                            <div class=\"item-category\">\r\n                                                    <\/div>\r\n                                                                <div class=\"item-location\"><span class=\"pxl-icon pxli pxli-pin\"><\/span>K\u0131rklareli OSB.<\/div>\r\n                                    <\/div>\r\n            <\/div>\r\n        <\/div>\r\n    <div class=\"grid-sizer grid-item col-xxl-4 col-xl-4 col-lg-4 col-md-6 col-sm-6 col-12\"><\/div>    <\/div>\r\n    \r\n\r\n        <\/div> \t\t\t\t<\/div>\n\t\t\t\t<\/div>\n\t\t            <\/div>\r\n        <\/div>\r\n        \t\t\t<\/div>\n\t\t<\/section>\n\t\t\t\t<\/div>","protected":false},"excerpt":{"rendered":"<p>Model Sanayi Merkezi Mockup Eveleigh TATSAN HELVA Clean Architecture Kensington OPKON OPT\u0130K ELEKTRON\u0130K Clean Architecture 02 Loch St, Campsie<\/p>","protected":false},"author":1,"featured_media":0,"parent":0,"menu_order":0,"comment_status":"closed","ping_status":"closed","template":"","meta":{"pagelayer_contact_templates":[],"_pagelayer_content":"","footnotes":""},"class_list":["post-8692","page","type-page","status-publish","hentry"],"_links":{"self":[{"href":"https:\/\/www.somprefabrik.com\/en\/wp-json\/wp\/v2\/pages\/8692","targetHints":{"allow":["GET"]}}],"collection":[{"href":"https:\/\/www.somprefabrik.com\/en\/wp-json\/wp\/v2\/pages"}],"about":[{"href":"https:\/\/www.somprefabrik.com\/en\/wp-json\/wp\/v2\/types\/page"}],"author":[{"embeddable":true,"href":"https:\/\/www.somprefabrik.com\/en\/wp-json\/wp\/v2\/users\/1"}],"replies":[{"embeddable":true,"href":"https:\/\/www.somprefabrik.com\/en\/wp-json\/wp\/v2\/comments?post=8692"}],"version-history":[{"count":7,"href":"https:\/\/www.somprefabrik.com\/en\/wp-json\/wp\/v2\/pages\/8692\/revisions"}],"predecessor-version":[{"id":10572,"href":"https:\/\/www.somprefabrik.com\/en\/wp-json\/wp\/v2\/pages\/8692\/revisions\/10572"}],"wp:attachment":[{"href":"https:\/\/www.somprefabrik.com\/en\/wp-json\/wp\/v2\/media?parent=8692"}],"curies":[{"name":"wp","href":"https:\/\/api.w.org\/{rel}","templated":true}]}}