{"id":8628,"date":"2022-12-19T02:54:15","date_gmt":"2022-12-19T01:54:15","guid":{"rendered":"https:\/\/demo.casethemes.net\/adsett\/?page_id=8628"},"modified":"2022-12-19T02:54:15","modified_gmt":"2022-12-19T01:54:15","slug":"project-list","status":"publish","type":"page","link":"https:\/\/www.somprefabrik.com\/en\/project-list\/","title":{"rendered":"Project List"},"content":{"rendered":"<div data-elementor-type=\"wp-page\" data-elementor-id=\"8628\" class=\"elementor elementor-8628\">\n\t\t\t\t        <section class=\"elementor-section elementor-top-section elementor-element elementor-element-a3e60be elementor-section-boxed elementor-section-height-default elementor-section-height-default pxl-section-line-left-no pxl-section-line-right-no pxl-section-static-pos-no pxl-section-overflow-hidden-no\" data-id=\"a3e60be\" data-element_type=\"section\" data-e-type=\"section\">\n\n                \n                <div class=\"elementor-container elementor-column-gap-default\">\n                <div class=\"elementor-column elementor-col-100 elementor-top-column elementor-element elementor-element-f02509e pxl-column-element-default pxl-column-overflow-hidden-no\" data-id=\"f02509e\" data-element_type=\"column\" data-e-type=\"column\">\r\n        <div class=\"elementor-widget-wrap elementor-element-populated\">\r\n                     \r\n        \t\t<div class=\"elementor-element elementor-element-7254d79 pxl-wg-bd-anm-no elementor-widget elementor-widget-pxl_post_list\" data-id=\"7254d79\" data-element_type=\"widget\" data-e-type=\"widget\" data-widget_type=\"pxl_post_list.default\">\n\t\t\t\t<div class=\"elementor-widget-container\">\n\t\t\t\t\t\r\n<div id=\"pxl_post_list-7254d79-7374\" class=\"pxl-grid pxl-post-list layout-portfolio-list-1\" data-layout-mode=\"fitRows\" data-start-page=\"1\" data-max-pages=\"2\" data-total=\"6\" data-perpage=\"5\" data-next-link=\"https:\/\/www.somprefabrik.com\/en\/wp-json\/wp\/v2\/pages\/8628\/page\/2\/\" data-scroll-items=\"0\">\r\n    <div class=\"pxl-grid-overlay\"><\/div>\r\n    \r\n    <div class=\"pxl-grid-inner pxl-grid-masonry row relative\"> \r\n                <div class=\"grid-item col-xxl-12 col-xl-12 col-lg-12 col-md-12 col-sm-12 col-12  item-idx-odd\" >\r\n            <div class=\"grid-item-inner item-inner-wrap row align-items-center  gx-xl-70  pxl-animate pxl-invisible animated-normal\" data-settings=\"{&quot;animation&quot;:&quot;fadeInRight&quot;,&quot;animation_delay&quot;:150}\">\r\n                                    <div class=\"item-featured col-12 col-lg-7 col-xl-7\">\r\n                        <div class=\"post-image scale-hover\">\r\n                            <a href=\"https:\/\/www.somprefabrik.com\/en\/portfolio\/bahariye\/\">\r\n                                <img loading=\"lazy\" decoding=\"async\" class=\"img-desktop no-lazyload\" src=\"https:\/\/www.somprefabrik.com\/wp-content\/uploads\/2026\/02\/bahariye.png\" width=\"620\" height=\"380\" alt=\"bahariye\" title=\"bahariye\" \/>       \r\n                            <\/a>\r\n                        <\/div>\r\n                    <\/div>\r\n                                    <div class=\"item-content col-12 col-lg-5 col-xl-5\">\r\n                    <h3 class=\"item-title\"><a href=\"https:\/\/www.somprefabrik.com\/en\/portfolio\/bahariye\/\">Bahariye<\/a><\/h3>\r\n                                            <div class=\"item-excerpt\">\r\n                            3594 m\u00b2 CONSTRUCTION AREA                        <\/div>\r\n                                                                <div class=\"item-readmore\">\r\n                            <a href=\"https:\/\/www.somprefabrik.com\/en\/portfolio\/bahariye\/\" class=\"pxl-btn outline-under draw\">\r\n                                <span class=\"draw-top-right\"><\/span>\r\n                                <span class=\"draw-bottom-left\"><\/span>\r\n                                <span class=\"pxl-button-text\">View Details<\/span>\r\n                            <\/a>\r\n                        <\/div>\r\n                                    <\/div>\r\n            <\/div>\r\n        <\/div>\r\n                <div class=\"grid-item col-xxl-12 col-xl-12 col-lg-12 col-md-12 col-sm-12 col-12  item-idx-even\" >\r\n            <div class=\"grid-item-inner item-inner-wrap row align-items-center  gx-xl-70  pxl-animate pxl-invisible animated-normal\" data-settings=\"{&quot;animation&quot;:&quot;fadeInLeft&quot;,&quot;animation_delay&quot;:150}\">\r\n                                    <div class=\"item-featured col-12 col-lg-7 col-xl-7\">\r\n                        <div class=\"post-image scale-hover\">\r\n                            <a href=\"https:\/\/www.somprefabrik.com\/en\/portfolio\/sahin-vinc\/\">\r\n                                <img loading=\"lazy\" decoding=\"async\" class=\"img-desktop no-lazyload\" src=\"https:\/\/www.somprefabrik.com\/wp-content\/uploads\/2026\/02\/sahin-vinc.png\" width=\"620\" height=\"380\" alt=\"\u015fahin vin\u00e7\" title=\"\u015fahin vin\u00e7\" \/>       \r\n                            <\/a>\r\n                        <\/div>\r\n                    <\/div>\r\n                                    <div class=\"item-content col-12 col-lg-5 col-xl-5\">\r\n                    <h3 class=\"item-title\"><a href=\"https:\/\/www.somprefabrik.com\/en\/portfolio\/sahin-vinc\/\">\u015eahin Vin\u00e7<\/a><\/h3>\r\n                                            <div class=\"item-excerpt\">\r\n                            Proje Bilgileri Konumu, konsepti ve mimari yap\u0131s\u0131yla Model Sanayi Merkezi, i\u015fletmelere 100m\u00b2\u2019den 11.000m\u00b2\u2018ye kadar alternatifler sunan, Toplam 4 Etap, 120.000m2 alan ve 14 bloktan olu\u015fan bir projedir. \u0130ste\u011fe ba\u011fl\u0131 olarak i\u00e7 tasar\u0131m\u0131 tamamlanm\u0131\u015f veya i\u015finize uygun olarak kendinizin tasarlayabilece\u011fi ister imalat ister depolama, isterseniz de ofis olarak kullanabilece\u011finiz alanlar sunmaktad\u0131r.&hellip;                        <\/div>\r\n                                                                <div class=\"item-readmore\">\r\n                            <a href=\"https:\/\/www.somprefabrik.com\/en\/portfolio\/sahin-vinc\/\" class=\"pxl-btn outline-under draw\">\r\n                                <span class=\"draw-top-right\"><\/span>\r\n                                <span class=\"draw-bottom-left\"><\/span>\r\n                                <span class=\"pxl-button-text\">View Details<\/span>\r\n                            <\/a>\r\n                        <\/div>\r\n                                    <\/div>\r\n            <\/div>\r\n        <\/div>\r\n                <div class=\"grid-item col-xxl-12 col-xl-12 col-lg-12 col-md-12 col-sm-12 col-12  item-idx-odd\" >\r\n            <div class=\"grid-item-inner item-inner-wrap row align-items-center  gx-xl-70  pxl-animate pxl-invisible animated-normal\" data-settings=\"{&quot;animation&quot;:&quot;fadeInRight&quot;,&quot;animation_delay&quot;:150}\">\r\n                                    <div class=\"item-featured col-12 col-lg-7 col-xl-7\">\r\n                        <div class=\"post-image scale-hover\">\r\n                            <a href=\"https:\/\/www.somprefabrik.com\/en\/portfolio\/cetin-grup\/\">\r\n                                <img loading=\"lazy\" decoding=\"async\" class=\"img-desktop no-lazyload\" src=\"https:\/\/www.somprefabrik.com\/wp-content\/uploads\/2026\/02\/cetin-grup.png\" width=\"620\" height=\"380\" alt=\"\u00e7etin grup\" title=\"\u00e7etin grup\" \/>       \r\n                            <\/a>\r\n                        <\/div>\r\n                    <\/div>\r\n                                    <div class=\"item-content col-12 col-lg-5 col-xl-5\">\r\n                    <h3 class=\"item-title\"><a href=\"https:\/\/www.somprefabrik.com\/en\/portfolio\/cetin-grup\/\">\u00c7etin Grup<\/a><\/h3>\r\n                                            <div class=\"item-excerpt\">\r\n                            5270 m\u00b2 TOTAL CONSTRUCTION AREA 2500 kgf\/m\u00b2 load transferred to the intermediate floor                        <\/div>\r\n                                                                <div class=\"item-readmore\">\r\n                            <a href=\"https:\/\/www.somprefabrik.com\/en\/portfolio\/cetin-grup\/\" class=\"pxl-btn outline-under draw\">\r\n                                <span class=\"draw-top-right\"><\/span>\r\n                                <span class=\"draw-bottom-left\"><\/span>\r\n                                <span class=\"pxl-button-text\">View Details<\/span>\r\n                            <\/a>\r\n                        <\/div>\r\n                                    <\/div>\r\n            <\/div>\r\n        <\/div>\r\n                <div class=\"grid-item col-xxl-12 col-xl-12 col-lg-12 col-md-12 col-sm-12 col-12  item-idx-even\" >\r\n            <div class=\"grid-item-inner item-inner-wrap row align-items-center  gx-xl-70  pxl-animate pxl-invisible animated-normal\" data-settings=\"{&quot;animation&quot;:&quot;fadeInLeft&quot;,&quot;animation_delay&quot;:150}\">\r\n                                    <div class=\"item-featured col-12 col-lg-7 col-xl-7\">\r\n                        <div class=\"post-image scale-hover\">\r\n                            <a href=\"https:\/\/www.somprefabrik.com\/en\/portfolio\/kapicioglu-insaat\/\">\r\n                                <img loading=\"lazy\" decoding=\"async\" class=\"img-desktop no-lazyload\" src=\"https:\/\/www.somprefabrik.com\/wp-content\/uploads\/2026\/02\/kapicioglu.png\" width=\"620\" height=\"380\" alt=\"kap\u0131c\u0131o\u011flu\" title=\"kap\u0131c\u0131o\u011flu\" \/>       \r\n                            <\/a>\r\n                        <\/div>\r\n                    <\/div>\r\n                                    <div class=\"item-content col-12 col-lg-5 col-xl-5\">\r\n                    <h3 class=\"item-title\"><a href=\"https:\/\/www.somprefabrik.com\/en\/portfolio\/kapicioglu-insaat\/\">Kap\u0131c\u0131o\u011flu \u0130n\u015faat<\/a><\/h3>\r\n                                            <div class=\"item-excerpt\">\r\n                            3 BUILDINGS TOTAL CONSTRUCTION AREA 6641m\u00b2 *3 =19923m\u00b2                        <\/div>\r\n                                                                <div class=\"item-readmore\">\r\n                            <a href=\"https:\/\/www.somprefabrik.com\/en\/portfolio\/kapicioglu-insaat\/\" class=\"pxl-btn outline-under draw\">\r\n                                <span class=\"draw-top-right\"><\/span>\r\n                                <span class=\"draw-bottom-left\"><\/span>\r\n                                <span class=\"pxl-button-text\">View Details<\/span>\r\n                            <\/a>\r\n                        <\/div>\r\n                                    <\/div>\r\n            <\/div>\r\n        <\/div>\r\n                <div class=\"grid-item col-xxl-12 col-xl-12 col-lg-12 col-md-12 col-sm-12 col-12  item-idx-odd\" >\r\n            <div class=\"grid-item-inner item-inner-wrap row align-items-center  gx-xl-70  pxl-animate pxl-invisible animated-normal\" data-settings=\"{&quot;animation&quot;:&quot;fadeInRight&quot;,&quot;animation_delay&quot;:150}\">\r\n                                    <div class=\"item-featured col-12 col-lg-7 col-xl-7\">\r\n                        <div class=\"post-image scale-hover\">\r\n                            <a href=\"https:\/\/www.somprefabrik.com\/en\/portfolio\/model-sanayi-merkezi\/\">\r\n                                <img loading=\"lazy\" decoding=\"async\" class=\"img-desktop no-lazyload\" src=\"https:\/\/www.somprefabrik.com\/wp-content\/uploads\/2025\/10\/model-1-1024x767-1-670x450.jpg\" width=\"670\" height=\"450\" alt=\"model-1-1024x767\" title=\"model-1-1024x767\" \/>       \r\n                            <\/a>\r\n                        <\/div>\r\n                    <\/div>\r\n                                    <div class=\"item-content col-12 col-lg-5 col-xl-5\">\r\n                    <h3 class=\"item-title\"><a href=\"https:\/\/www.somprefabrik.com\/en\/portfolio\/model-sanayi-merkezi\/\">Model Industrial Center<\/a><\/h3>\r\n                                            <div class=\"item-excerpt\">\r\n                            Model Sanayi Merkezi, Kapakl\u0131\u2019da KOB\u0130\u2019lere 100 m\u00b2\u2019den 11.000 m\u00b2\u2019ye kadar modern ve \u00e7ok ama\u00e7l\u0131 end\u00fcstriyel alanlar sunmaktad\u0131r.                        <\/div>\r\n                                                                <div class=\"item-readmore\">\r\n                            <a href=\"https:\/\/www.somprefabrik.com\/en\/portfolio\/model-sanayi-merkezi\/\" class=\"pxl-btn outline-under draw\">\r\n                                <span class=\"draw-top-right\"><\/span>\r\n                                <span class=\"draw-bottom-left\"><\/span>\r\n                                <span class=\"pxl-button-text\">View Details<\/span>\r\n                            <\/a>\r\n                        <\/div>\r\n                                    <\/div>\r\n            <\/div>\r\n        <\/div>\r\n            <\/div>\r\n    \r\n\r\n            \r\n<\/div>\t\t\t\t<\/div>\n\t\t\t\t<\/div>\n\t\t            <\/div>\r\n        <\/div>\r\n        \t\t\t<\/div>\n\t\t<\/section>\n\t\t        <section class=\"elementor-section elementor-top-section elementor-element elementor-element-2e30dcc pxl-section-overflow-hidden-yes elementor-section-boxed elementor-section-height-default elementor-section-height-default pxl-section-line-left-no pxl-section-line-right-no pxl-section-static-pos-no\" data-id=\"2e30dcc\" data-element_type=\"section\" data-e-type=\"section\">\n\n        <div class=\"pxl-section-bg-parallax\" data-parallax=\"{&quot;y&quot;:-100}\"><\/div>        \n                <div class=\"elementor-container elementor-column-gap-default\">\n                <div class=\"elementor-column elementor-col-100 elementor-top-column elementor-element elementor-element-1db2791 pxl-column-element-default pxl-column-overflow-hidden-no\" data-id=\"1db2791\" data-element_type=\"column\" data-e-type=\"column\">\r\n        <div class=\"elementor-widget-wrap elementor-element-populated\">\r\n                     \r\n        \t\t<div class=\"elementor-element elementor-element-7b22f49 pxl-wg-bd-anm-no elementor-widget elementor-widget-pxl_heading\" data-id=\"7b22f49\" data-element_type=\"widget\" data-e-type=\"widget\" data-widget_type=\"pxl_heading.default\">\n\t\t\t\t<div class=\"elementor-widget-container\">\n\t\t\t\t\t<div class=\"pxl-heading-wrap d-flex\">\n    <div class=\"pxl-heading-inner center\">\n                <h2 class=\"heading-title pxl-split-text split-in-up\">\n            Want to <span class=\"text-primary\">hire<\/span> us?        <\/h2>\n            <\/div>\n<\/div>\n\n\t\t\t\t<\/div>\n\t\t\t\t<\/div>\n\t\t\t\t<div class=\"elementor-element elementor-element-86a653c elementor-align-center pxl-wg-bd-anm-no elementor-invisible pxl-elementor-animate elementor-widget elementor-widget-pxl_button\" data-id=\"86a653c\" data-element_type=\"widget\" data-e-type=\"widget\" data-settings=\"{&quot;_animation&quot;:&quot;fadeInUp&quot;}\" data-widget_type=\"pxl_button.default\">\n\t\t\t\t<div class=\"elementor-widget-container\">\n\t\t\t\t\t<div id=\"pxl_button-86a653c-5717\" class=\"pxl-button-wrapper d-flex-wrap pxl-button-layout1\" >\r\n            <a href=\"https:\/\/www.somprefabrik.com\/contact-us\/\" class=\"pxl-btn outline-under draw icon-ps-right\">\r\n             \r\n                <span class=\"draw-top-right\"><\/span>\r\n                <span class=\"draw-bottom-left\"><\/span>\r\n                                    <span class=\"pxl-button-text\">Contact Us<\/span>\r\n                    <\/a>\r\n    <\/div>\t\t\t\t<\/div>\n\t\t\t\t<\/div>\n\t\t            <\/div>\r\n        <\/div>\r\n        \t\t\t<\/div>\n\t\t<\/section>\n\t\t        <section class=\"elementor-section elementor-top-section elementor-element elementor-element-aee9a54 elementor-section-full_width elementor-section-height-default elementor-section-height-default pxl-section-offset-none pxl-section-line-left-no pxl-section-line-right-no pxl-section-static-pos-no pxl-section-overflow-hidden-no\" data-id=\"aee9a54\" data-element_type=\"section\" data-e-type=\"section\">\n\n                \n                <div class=\"elementor-container elementor-column-gap-default\">\n                <div class=\"elementor-column elementor-col-100 elementor-top-column elementor-element elementor-element-c6777dc pxl-column-element-default pxl-column-overflow-hidden-no\" data-id=\"c6777dc\" data-element_type=\"column\" data-e-type=\"column\">\r\n        <div class=\"elementor-widget-wrap elementor-element-populated\">\r\n                     \r\n        \t\t<div class=\"elementor-element elementor-element-3219c6b pxl-wg-bd-anm-no elementor-widget elementor-widget-pxl_title_effect\" data-id=\"3219c6b\" data-element_type=\"widget\" data-e-type=\"widget\" data-widget_type=\"pxl_title_effect.default\">\n\t\t\t\t<div class=\"elementor-widget-container\">\n\t\t\t\t\t\t<div class=\"pxl-title-effect scroll-parallax pxl-type-gradient\">\n\t\t<div class=\"pxl-title-inner-wrap\">\n\t\t\t<div class=\"pxl-title-inner\">\n\t\t\t\t<div class=\"pxl-item-title\" data-parallax=\"{&quot;x&quot;:500}\" data-center=\"true\">Architecture<\/div>\n\t\t\t\t\t\t\t<\/div>\n\t\t<\/div>\n\t<\/div> \n\t\t\t\t<\/div>\n\t\t\t\t<\/div>\n\t\t            <\/div>\r\n        <\/div>\r\n        \t\t\t<\/div>\n\t\t<\/section>\n\t\t        <section class=\"elementor-section elementor-top-section elementor-element elementor-element-c46bdb1 elementor-section-content-middle elementor-section-boxed elementor-section-height-default elementor-section-height-default pxl-section-line-left-no pxl-section-line-right-no pxl-section-static-pos-no pxl-section-overflow-hidden-no\" data-id=\"c46bdb1\" data-element_type=\"section\" data-e-type=\"section\">\n\n                \n                <div class=\"elementor-container elementor-column-gap-default\">\n                <div class=\"elementor-column elementor-col-25 elementor-top-column elementor-element elementor-element-e938e0a pxl-column-element-default pxl-column-overflow-hidden-no\" data-id=\"e938e0a\" data-element_type=\"column\" data-e-type=\"column\">\r\n        <div class=\"elementor-widget-wrap elementor-element-populated\">\r\n                     \r\n        \t\t<div class=\"elementor-element elementor-element-8706a55 pxl-wg-bd-anm-no elementor-invisible pxl-elementor-animate elementor-widget elementor-widget-pxl_partner\" data-id=\"8706a55\" data-element_type=\"widget\" data-e-type=\"widget\" data-settings=\"{&quot;_animation&quot;:&quot;zoomIn&quot;}\" data-widget_type=\"pxl_partner.default\">\n\t\t\t\t<div class=\"elementor-widget-container\">\n\t\t\t\t\t    <div class=\"pxl-partner d-flex-wrap align-items-center justify-content-center\">\r\n                    <img loading=\"lazy\" decoding=\"async\" class=\"\" src=\"https:\/\/www.somprefabrik.com\/wp-content\/uploads\/2022\/12\/client1sx.jpg\" width=\"135\" height=\"134\" alt=\"client1sx\" title=\"client1sx\" \/>            <\/div>\r\n\t\t\t\t<\/div>\n\t\t\t\t<\/div>\n\t\t            <\/div>\r\n        <\/div>\r\n                <div class=\"elementor-column elementor-col-25 elementor-top-column elementor-element elementor-element-2817aa8 pxl-column-element-default pxl-column-overflow-hidden-no\" data-id=\"2817aa8\" data-element_type=\"column\" data-e-type=\"column\">\r\n        <div class=\"elementor-widget-wrap elementor-element-populated\">\r\n                     \r\n        \t\t<div class=\"elementor-element elementor-element-7bababa pxl-wg-bd-anm-no elementor-invisible pxl-elementor-animate elementor-widget elementor-widget-pxl_partner\" data-id=\"7bababa\" data-element_type=\"widget\" data-e-type=\"widget\" data-settings=\"{&quot;_animation&quot;:&quot;zoomIn&quot;}\" data-widget_type=\"pxl_partner.default\">\n\t\t\t\t<div class=\"elementor-widget-container\">\n\t\t\t\t\t    <div class=\"pxl-partner d-flex-wrap align-items-center justify-content-center\">\r\n                    <img loading=\"lazy\" decoding=\"async\" class=\"\" src=\"https:\/\/www.somprefabrik.com\/wp-content\/uploads\/2022\/12\/client2xs.jpg\" width=\"231\" height=\"230\" alt=\"client2xs\" title=\"client2xs\" \/>            <\/div>\r\n\t\t\t\t<\/div>\n\t\t\t\t<\/div>\n\t\t            <\/div>\r\n        <\/div>\r\n                <div class=\"elementor-column elementor-col-25 elementor-top-column elementor-element elementor-element-faaf8f5 pxl-column-element-default pxl-column-overflow-hidden-no\" data-id=\"faaf8f5\" data-element_type=\"column\" data-e-type=\"column\">\r\n        <div class=\"elementor-widget-wrap elementor-element-populated\">\r\n                     \r\n        \t\t<div class=\"elementor-element elementor-element-8cc3101 pxl-wg-bd-anm-no elementor-invisible pxl-elementor-animate elementor-widget elementor-widget-pxl_partner\" data-id=\"8cc3101\" data-element_type=\"widget\" data-e-type=\"widget\" data-settings=\"{&quot;_animation&quot;:&quot;zoomIn&quot;}\" data-widget_type=\"pxl_partner.default\">\n\t\t\t\t<div class=\"elementor-widget-container\">\n\t\t\t\t\t    <div class=\"pxl-partner d-flex-wrap align-items-center justify-content-center\">\r\n                    <img loading=\"lazy\" decoding=\"async\" class=\"\" src=\"https:\/\/www.somprefabrik.com\/wp-content\/uploads\/2022\/12\/client3sx.jpg\" width=\"171\" height=\"169\" alt=\"client3sx\" title=\"client3sx\" \/>            <\/div>\r\n\t\t\t\t<\/div>\n\t\t\t\t<\/div>\n\t\t            <\/div>\r\n        <\/div>\r\n                <div class=\"elementor-column elementor-col-25 elementor-top-column elementor-element elementor-element-3505428 pxl-column-element-default pxl-column-overflow-hidden-no\" data-id=\"3505428\" data-element_type=\"column\" data-e-type=\"column\">\r\n        <div class=\"elementor-widget-wrap elementor-element-populated\">\r\n                     \r\n        \t\t<div class=\"elementor-element elementor-element-8861a86 pxl-wg-bd-anm-no elementor-invisible pxl-elementor-animate elementor-widget elementor-widget-pxl_partner\" data-id=\"8861a86\" data-element_type=\"widget\" data-e-type=\"widget\" data-settings=\"{&quot;_animation&quot;:&quot;zoomIn&quot;}\" data-widget_type=\"pxl_partner.default\">\n\t\t\t\t<div class=\"elementor-widget-container\">\n\t\t\t\t\t    <div class=\"pxl-partner d-flex-wrap align-items-center justify-content-center\">\r\n                    <img loading=\"lazy\" decoding=\"async\" class=\"\" src=\"https:\/\/www.somprefabrik.com\/wp-content\/uploads\/2022\/12\/client4xs.jpg\" width=\"510\" height=\"511\" alt=\"client4xs\" title=\"client4xs\" \/>            <\/div>\r\n\t\t\t\t<\/div>\n\t\t\t\t<\/div>\n\t\t            <\/div>\r\n        <\/div>\r\n        \t\t\t<\/div>\n\t\t<\/section>\n\t\t\t\t<\/div>","protected":false},"excerpt":{"rendered":"<p>Century Circuit A full refurbishment of this luxurious and elegant late arts and crafts style family home in excess of 10,000 sq ft, set in the heart of rural Cheshire. A full refurbishment of this luxurious and elegant late arts and crafts style family home in excess of 10,000 sq ft. View Details Orin Archit\u00e9cture [&hellip;]<\/p>\n","protected":false},"author":1,"featured_media":0,"parent":0,"menu_order":0,"comment_status":"closed","ping_status":"closed","template":"","meta":{"pagelayer_contact_templates":[],"_pagelayer_content":"","footnotes":""},"class_list":["post-8628","page","type-page","status-publish","hentry"],"_links":{"self":[{"href":"https:\/\/www.somprefabrik.com\/en\/wp-json\/wp\/v2\/pages\/8628","targetHints":{"allow":["GET"]}}],"collection":[{"href":"https:\/\/www.somprefabrik.com\/en\/wp-json\/wp\/v2\/pages"}],"about":[{"href":"https:\/\/www.somprefabrik.com\/en\/wp-json\/wp\/v2\/types\/page"}],"author":[{"embeddable":true,"href":"https:\/\/www.somprefabrik.com\/en\/wp-json\/wp\/v2\/users\/1"}],"replies":[{"embeddable":true,"href":"https:\/\/www.somprefabrik.com\/en\/wp-json\/wp\/v2\/comments?post=8628"}],"version-history":[{"count":0,"href":"https:\/\/www.somprefabrik.com\/en\/wp-json\/wp\/v2\/pages\/8628\/revisions"}],"wp:attachment":[{"href":"https:\/\/www.somprefabrik.com\/en\/wp-json\/wp\/v2\/media?parent=8628"}],"curies":[{"name":"wp","href":"https:\/\/api.w.org\/{rel}","templated":true}]}}