{"id":8561,"date":"2022-12-16T03:45:49","date_gmt":"2022-12-16T02:45:49","guid":{"rendered":"https:\/\/demo.casethemes.net\/adsett\/?page_id=8561"},"modified":"2022-12-16T03:45:49","modified_gmt":"2022-12-16T02:45:49","slug":"project-horizontal-showcase","status":"publish","type":"page","link":"https:\/\/www.somprefabrik.com\/en\/project-horizontal-showcase\/","title":{"rendered":"Project Horizontal Showcase"},"content":{"rendered":"<div data-elementor-type=\"wp-page\" data-elementor-id=\"8561\" class=\"elementor elementor-8561\">\n\t\t\t\t        <section class=\"elementor-section elementor-top-section elementor-element elementor-element-c57fffa elementor-section-full_width elementor-section-height-full elementor-section-height-default elementor-section-items-middle pxl-section-offset-none pxl-section-line-left-no pxl-section-line-right-no pxl-section-static-pos-no pxl-section-overflow-hidden-no\" data-id=\"c57fffa\" data-element_type=\"section\" data-e-type=\"section\" data-settings=\"{&quot;background_background&quot;:&quot;classic&quot;}\">\n\n                \n                <div class=\"elementor-container elementor-column-gap-default\">\n                <div class=\"elementor-column elementor-col-50 elementor-top-column elementor-element elementor-element-4d8f98e pxl-column-element-default pxl-column-overflow-hidden-no\" data-id=\"4d8f98e\" data-element_type=\"column\" data-e-type=\"column\">\r\n        <div class=\"elementor-widget-wrap elementor-element-populated\">\r\n                     \r\n        \t\t<div class=\"elementor-element elementor-element-896a22d pxl-wg-bd-anm-no elementor-widget elementor-widget-pxl_heading\" data-id=\"896a22d\" data-element_type=\"widget\" data-e-type=\"widget\" data-widget_type=\"pxl_heading.default\">\n\t\t\t\t<div class=\"elementor-widget-container\">\n\t\t\t\t\t<div class=\"pxl-heading-wrap d-flex\">\n    <div class=\"pxl-heading-inner\">\n                <h3 class=\"heading-title pxl-animate pxl-invisible animated-normal\" data-settings=\"{&quot;animation&quot;:&quot;fadeInLeft&quot;,&quot;animation_delay&quot;:300}\">\n            Our inspired <span class=\"text-primary\">solutions<\/span> will help.        <\/h3>\n            <\/div>\n<\/div>\n\n\t\t\t\t<\/div>\n\t\t\t\t<\/div>\n\t\t            <\/div>\r\n        <\/div>\r\n                <div class=\"elementor-column elementor-col-50 elementor-top-column elementor-element elementor-element-9bd554e pxl-column-element-default pxl-column-overflow-hidden-no\" data-id=\"9bd554e\" data-element_type=\"column\" data-e-type=\"column\">\r\n        <div class=\"elementor-widget-wrap elementor-element-populated\">\r\n                     \r\n        \t\t<div class=\"elementor-element elementor-element-59616bd post-layout-portfolio-1 pxl-wg-bd-anm-no elementor-widget elementor-widget-pxl_post_carousel\" data-id=\"59616bd\" data-element_type=\"widget\" data-e-type=\"widget\" data-widget_type=\"pxl_post_carousel.default\">\n\t\t\t\t<div class=\"elementor-widget-container\">\n\t\t\t\t\t    <div class=\"pxl-swiper-slider pxl-portfolio-carousel layout-portfolio-1 center-mode-false\">\r\n                <div class=\"pxl-swiper-slider-wrap pxl-carousel-inner overflow-hidden\">\r\n            <div class=\"pxl-swiper-container cursor-drag-area\" dir=\"ltr\" data-settings=\"{&quot;slide_direction&quot;:&quot;horizontal&quot;,&quot;slide_percolumn&quot;:&quot;1&quot;,&quot;slide_mode&quot;:&quot;slide&quot;,&quot;slides_to_show_xxl&quot;:&quot;4&quot;,&quot;slides_to_show&quot;:&quot;4&quot;,&quot;slides_to_show_lg&quot;:&quot;3&quot;,&quot;slides_to_show_md&quot;:&quot;3&quot;,&quot;slides_to_show_sm&quot;:&quot;2&quot;,&quot;slides_to_show_xs&quot;:&quot;1&quot;,&quot;slides_to_scroll&quot;:&quot;1&quot;,&quot;slides_gutter&quot;:43,&quot;slides_gutter_lg&quot;:30,&quot;slides_gutter_md&quot;:30,&quot;center_slide&quot;:&quot;false&quot;,&quot;arrow&quot;:&quot;false&quot;,&quot;dots&quot;:&quot;false&quot;,&quot;dots_style&quot;:&quot;bullets&quot;,&quot;autoplay&quot;:&quot;false&quot;,&quot;pause_on_hover&quot;:&quot;true&quot;,&quot;pause_on_interaction&quot;:&quot;true&quot;,&quot;delay&quot;:5000,&quot;loop&quot;:&quot;true&quot;,&quot;speed&quot;:500}\">\r\n                <div class=\"pxl-swiper-wrapper swiper-wrapper\">\r\n                                    <div class=\"pxl-swiper-slide swiper-slide\" data-filter=\"\">\r\n                        <div class=\"item-inner relative\">\r\n                                                            <div class=\"item-image\">\r\n                                    <img fetchpriority=\"high\" decoding=\"async\" class=\"no-lazyload\" src=\"https:\/\/www.somprefabrik.com\/wp-content\/uploads\/2022\/06\/1-2fs-307x557.jpg\" width=\"307\" height=\"557\" alt=\"1-2fs\" title=\"1-2fs\" \/>                                <\/div>\r\n                                                        <div class=\"pxl-overlay\"><\/div>\r\n                            <div class=\"item-content pxl-absoluted\">\r\n                                <div class=\"content-inner\">\r\n                                                                                                                <a class=\"pxl-readmore-arrow\" href=\"https:\/\/www.somprefabrik.com\/en\/portfolio\/opkon-optik-elektronik\/\">\r\n                                            <span class=\"pxli pxli-right-arrow1\"><\/span>\r\n                                        <\/a>\r\n                                                                        <h4 class=\"item-title\">OPKON OPTICAL ELECTRONICS<\/h4>\r\n                                                                            <div class=\"item-location\">K\u0131rklareli OSB.<\/div>\r\n                                                                    <\/div>\r\n                            <\/div>\r\n                            <span class=\"slide-number  pxl-animate pxl-invisible animated-normal\" data-settings=\"{&quot;animation&quot;:&quot;fadeInLeft&quot;,&quot;animation_delay&quot;:200}\">\/1<\/span>\r\n                        <\/div>\r\n                    <\/div>\r\n                                    <div class=\"pxl-swiper-slide swiper-slide\" data-filter=\"\">\r\n                        <div class=\"item-inner relative\">\r\n                                                            <div class=\"item-image\">\r\n                                    <img decoding=\"async\" class=\"no-lazyload\" src=\"https:\/\/www.somprefabrik.com\/wp-content\/uploads\/2025\/10\/1-2-307x557.jpg\" width=\"307\" height=\"557\" alt=\"1 (2)\" title=\"1 (2)\" \/>                                <\/div>\r\n                                                        <div class=\"pxl-overlay\"><\/div>\r\n                            <div class=\"item-content pxl-absoluted\">\r\n                                <div class=\"content-inner\">\r\n                                                                                                                <a class=\"pxl-readmore-arrow\" href=\"https:\/\/www.somprefabrik.com\/en\/portfolio\/tatsan-helva\/\">\r\n                                            <span class=\"pxli pxli-right-arrow1\"><\/span>\r\n                                        <\/a>\r\n                                                                        <h4 class=\"item-title\">TATSAN HELVA<\/h4>\r\n                                                                            <div class=\"item-location\">K\u0131rklareli OSB.<\/div>\r\n                                                                    <\/div>\r\n                            <\/div>\r\n                            <span class=\"slide-number  pxl-animate pxl-invisible animated-normal\" data-settings=\"{&quot;animation&quot;:&quot;fadeInLeft&quot;,&quot;animation_delay&quot;:250}\">\/2<\/span>\r\n                        <\/div>\r\n                    <\/div>\r\n                                    <div class=\"pxl-swiper-slide swiper-slide\" data-filter=\"\">\r\n                        <div class=\"item-inner relative\">\r\n                                                            <div class=\"item-image\">\r\n                                    <img decoding=\"async\" class=\"no-lazyload\" src=\"https:\/\/www.somprefabrik.com\/wp-content\/uploads\/2025\/10\/model-1-1024x767-1-307x557.jpg\" width=\"307\" height=\"557\" alt=\"model-1-1024x767\" title=\"model-1-1024x767\" \/>                                <\/div>\r\n                                                        <div class=\"pxl-overlay\"><\/div>\r\n                            <div class=\"item-content pxl-absoluted\">\r\n                                <div class=\"content-inner\">\r\n                                                                                                                <a class=\"pxl-readmore-arrow\" href=\"https:\/\/www.somprefabrik.com\/en\/portfolio\/model-sanayi-merkezi\/\">\r\n                                            <span class=\"pxli pxli-right-arrow1\"><\/span>\r\n                                        <\/a>\r\n                                                                        <h4 class=\"item-title\">Model Industrial Center<\/h4>\r\n                                                                            <div class=\"item-location\">Kapakl\u0131\/Tekirda\u011f<\/div>\r\n                                                                    <\/div>\r\n                            <\/div>\r\n                            <span class=\"slide-number  pxl-animate pxl-invisible animated-normal\" data-settings=\"{&quot;animation&quot;:&quot;fadeInLeft&quot;,&quot;animation_delay&quot;:300}\">\/3<\/span>\r\n                        <\/div>\r\n                    <\/div>\r\n                                    <div class=\"pxl-swiper-slide swiper-slide\" data-filter=\"\">\r\n                        <div class=\"item-inner relative\">\r\n                                                            <div class=\"item-image\">\r\n                                    <img loading=\"lazy\" decoding=\"async\" class=\"no-lazyload\" src=\"https:\/\/www.somprefabrik.com\/wp-content\/uploads\/2026\/02\/kapicioglu-307x380.png\" width=\"307\" height=\"380\" alt=\"kap\u0131c\u0131o\u011flu\" title=\"kap\u0131c\u0131o\u011flu\" \/>                                <\/div>\r\n                                                        <div class=\"pxl-overlay\"><\/div>\r\n                            <div class=\"item-content pxl-absoluted\">\r\n                                <div class=\"content-inner\">\r\n                                                                                                                <a class=\"pxl-readmore-arrow\" href=\"https:\/\/www.somprefabrik.com\/en\/portfolio\/kapicioglu-insaat\/\">\r\n                                            <span class=\"pxli pxli-right-arrow1\"><\/span>\r\n                                        <\/a>\r\n                                                                        <h4 class=\"item-title\">Kap\u0131c\u0131o\u011flu \u0130n\u015faat<\/h4>\r\n                                                                            <div class=\"item-location\">KOSB\/KIRKLAREL\u0130 <\/div>\r\n                                                                    <\/div>\r\n                            <\/div>\r\n                            <span class=\"slide-number  pxl-animate pxl-invisible animated-normal\" data-settings=\"{&quot;animation&quot;:&quot;fadeInLeft&quot;,&quot;animation_delay&quot;:350}\">\/4<\/span>\r\n                        <\/div>\r\n                    <\/div>\r\n                                    <div class=\"pxl-swiper-slide swiper-slide\" data-filter=\"\">\r\n                        <div class=\"item-inner relative\">\r\n                                                            <div class=\"item-image\">\r\n                                    <img loading=\"lazy\" decoding=\"async\" class=\"no-lazyload\" src=\"https:\/\/www.somprefabrik.com\/wp-content\/uploads\/2026\/02\/cetin-grup-307x380.png\" width=\"307\" height=\"380\" alt=\"\u00e7etin grup\" title=\"\u00e7etin grup\" \/>                                <\/div>\r\n                                                        <div class=\"pxl-overlay\"><\/div>\r\n                            <div class=\"item-content pxl-absoluted\">\r\n                                <div class=\"content-inner\">\r\n                                                                                                                <a class=\"pxl-readmore-arrow\" href=\"https:\/\/www.somprefabrik.com\/en\/portfolio\/cetin-grup\/\">\r\n                                            <span class=\"pxli pxli-right-arrow1\"><\/span>\r\n                                        <\/a>\r\n                                                                        <h4 class=\"item-title\">\u00c7etin Grup<\/h4>\r\n                                                                            <div class=\"item-location\">KAPAKLI\/\u00c7ERKEZK\u00d6Y\/TEK\u0130RDA\u011e<\/div>\r\n                                                                    <\/div>\r\n                            <\/div>\r\n                            <span class=\"slide-number  pxl-animate pxl-invisible animated-normal\" data-settings=\"{&quot;animation&quot;:&quot;fadeInLeft&quot;,&quot;animation_delay&quot;:400}\">\/5<\/span>\r\n                        <\/div>\r\n                    <\/div>\r\n                                    <div class=\"pxl-swiper-slide swiper-slide\" data-filter=\"\">\r\n                        <div class=\"item-inner relative\">\r\n                                                            <div class=\"item-image\">\r\n                                    <img loading=\"lazy\" decoding=\"async\" class=\"no-lazyload\" src=\"https:\/\/www.somprefabrik.com\/wp-content\/uploads\/2026\/02\/sahin-vinc-307x380.png\" width=\"307\" height=\"380\" alt=\"\u015fahin vin\u00e7\" title=\"\u015fahin vin\u00e7\" \/>                                <\/div>\r\n                                                        <div class=\"pxl-overlay\"><\/div>\r\n                            <div class=\"item-content pxl-absoluted\">\r\n                                <div class=\"content-inner\">\r\n                                                                                                                <a class=\"pxl-readmore-arrow\" href=\"https:\/\/www.somprefabrik.com\/en\/portfolio\/sahin-vinc\/\">\r\n                                            <span class=\"pxli pxli-right-arrow1\"><\/span>\r\n                                        <\/a>\r\n                                                                        <h4 class=\"item-title\">\u015eahin Vin\u00e7<\/h4>\r\n                                                                            <div class=\"item-location\">VEL\u0130K\u00d6Y OSB \/TEK\u0130RDA\u011e<\/div>\r\n                                                                    <\/div>\r\n                            <\/div>\r\n                            <span class=\"slide-number  pxl-animate pxl-invisible animated-normal\" data-settings=\"{&quot;animation&quot;:&quot;fadeInLeft&quot;,&quot;animation_delay&quot;:450}\">\/6<\/span>\r\n                        <\/div>\r\n                    <\/div>\r\n                                <\/div>\r\n            <\/div>\r\n        <\/div>\r\n                    <\/div>\r\n\t\t\t\t<\/div>\n\t\t\t\t<\/div>\n\t\t            <\/div>\r\n        <\/div>\r\n        \t\t\t<\/div>\n\t\t<\/section>\n\t\t\t\t<\/div>","protected":false},"excerpt":{"rendered":"<p>Our inspired solutions will help. Smart Home 245 Wilson St \/1 Home Decors Erskineville New \/2 Crown House Mississauga, On \/3 Student Residence Areosa 2R Edward Ave \/4 Casa El Maqui 19 Boronia Rd, Greenacre \/5 Industrial Apartment 1\/35 Burwood Rd \/6<\/p>","protected":false},"author":1,"featured_media":0,"parent":0,"menu_order":0,"comment_status":"closed","ping_status":"closed","template":"","meta":{"pagelayer_contact_templates":[],"_pagelayer_content":"","footnotes":""},"class_list":["post-8561","page","type-page","status-publish","hentry"],"_links":{"self":[{"href":"https:\/\/www.somprefabrik.com\/en\/wp-json\/wp\/v2\/pages\/8561","targetHints":{"allow":["GET"]}}],"collection":[{"href":"https:\/\/www.somprefabrik.com\/en\/wp-json\/wp\/v2\/pages"}],"about":[{"href":"https:\/\/www.somprefabrik.com\/en\/wp-json\/wp\/v2\/types\/page"}],"author":[{"embeddable":true,"href":"https:\/\/www.somprefabrik.com\/en\/wp-json\/wp\/v2\/users\/1"}],"replies":[{"embeddable":true,"href":"https:\/\/www.somprefabrik.com\/en\/wp-json\/wp\/v2\/comments?post=8561"}],"version-history":[{"count":0,"href":"https:\/\/www.somprefabrik.com\/en\/wp-json\/wp\/v2\/pages\/8561\/revisions"}],"wp:attachment":[{"href":"https:\/\/www.somprefabrik.com\/en\/wp-json\/wp\/v2\/media?parent=8561"}],"curies":[{"name":"wp","href":"https:\/\/api.w.org\/{rel}","templated":true}]}}