{"id":8515,"date":"2022-12-14T19:37:10","date_gmt":"2022-12-14T18:37:10","guid":{"rendered":"https:\/\/demo.casethemes.net\/adsett\/?page_id=8515"},"modified":"2022-12-14T19:37:10","modified_gmt":"2022-12-14T18:37:10","slug":"project-grid","status":"publish","type":"page","link":"https:\/\/www.somprefabrik.com\/en\/project-grid\/","title":{"rendered":"Project Grid"},"content":{"rendered":"<div data-elementor-type=\"wp-page\" data-elementor-id=\"8515\" class=\"elementor elementor-8515\">\n\t\t\t\t        <section class=\"elementor-section elementor-top-section elementor-element elementor-element-13b2677 elementor-section-boxed elementor-section-height-default elementor-section-height-default pxl-section-line-left-no pxl-section-line-right-no pxl-section-static-pos-no pxl-section-overflow-hidden-no\" data-id=\"13b2677\" data-element_type=\"section\" data-e-type=\"section\">\n\n                \n                <div class=\"elementor-container elementor-column-gap-default\">\n                <div class=\"elementor-column elementor-col-100 elementor-top-column elementor-element elementor-element-ad0a658 pxl-column-element-default pxl-column-overflow-hidden-no\" data-id=\"ad0a658\" data-element_type=\"column\" data-e-type=\"column\">\r\n        <div class=\"elementor-widget-wrap elementor-element-populated\">\r\n                     \r\n        \t\t<div class=\"elementor-element elementor-element-c8b028e pxl-post-layout-portfolio-2 pxl-wg-bd-anm-no elementor-widget elementor-widget-pxl_post_grid\" data-id=\"c8b028e\" data-element_type=\"widget\" data-e-type=\"widget\" data-widget_type=\"pxl_post_grid.default\">\n\t\t\t\t<div class=\"elementor-widget-container\">\n\t\t\t\t\t\r\n<div id=\"pxl_post_grid-c8b028e-6386\" class=\"pxl-grid pxl-portfolio-grid layout-portfolio-2\" data-layout-mode=\"fitRows\" data-start-page=\"1\" data-max-pages=\"1\" data-total=\"7\" data-perpage=\"9\" data-next-link=\"\">\r\n    <div class=\"pxl-grid-overlay\"><\/div>\r\n    \r\n    <div class=\"pxl-grid-inner pxl-grid-masonry row relative overflow-hidden animation-time\"> \r\n                <div class=\"grid-item col-xxl-4 col-xl-4 col-lg-6 col-md-6 col-sm-12 col-12\" >\r\n            <div class=\"grid-item-inner relative\">\r\n                                    <div class=\"item-featured\">\r\n                        <a href=\"https:\/\/www.somprefabrik.com\/en\/portfolio\/bahariye\/\">\r\n                            <figure class=\"post-thumbs\">\r\n                            <img fetchpriority=\"high\" decoding=\"async\" class=\"no-lazyload\" src=\"https:\/\/www.somprefabrik.com\/wp-content\/uploads\/2026\/02\/bahariye-310x190.png\" width=\"310\" height=\"190\" alt=\"bahariye\" title=\"bahariye\" \/>   \r\n                            <\/figure> \r\n                        <\/a>\r\n                    <\/div>\r\n                                <h4 class=\"item-title\">\r\n                    <a href=\"https:\/\/www.somprefabrik.com\/en\/portfolio\/bahariye\/\">Bahariye<\/a>\r\n                <\/h4> \r\n                <div class=\"pxl-bd-anm bb\"><\/div>\r\n                <div class=\"item-metas d-flex-wrap justify-content-between\">\r\n                                            <div class=\"item-category\">\r\n                                                    <\/div>\r\n                                                                <div class=\"item-location\"><span class=\"pxl-icon pxli pxli-pin\"><\/span>VEL\u0130ME\u015eE\/TEK\u0130RDA\u011e<\/div>\r\n                                    <\/div>\r\n            <\/div>\r\n        <\/div>\r\n            <div class=\"grid-item col-xxl-4 col-xl-4 col-lg-6 col-md-6 col-sm-12 col-12\" >\r\n            <div class=\"grid-item-inner relative\">\r\n                                    <div class=\"item-featured\">\r\n                        <a href=\"https:\/\/www.somprefabrik.com\/en\/portfolio\/sahin-vinc\/\">\r\n                            <figure class=\"post-thumbs\">\r\n                            <img decoding=\"async\" class=\"no-lazyload\" src=\"https:\/\/www.somprefabrik.com\/wp-content\/uploads\/2026\/02\/sahin-vinc-310x190.png\" width=\"310\" height=\"190\" alt=\"\u015fahin vin\u00e7\" title=\"\u015fahin vin\u00e7\" \/>   \r\n                            <\/figure> \r\n                        <\/a>\r\n                    <\/div>\r\n                                <h4 class=\"item-title\">\r\n                    <a href=\"https:\/\/www.somprefabrik.com\/en\/portfolio\/sahin-vinc\/\">\u015eahin Vin\u00e7<\/a>\r\n                <\/h4> \r\n                <div class=\"pxl-bd-anm bb\"><\/div>\r\n                <div class=\"item-metas d-flex-wrap justify-content-between\">\r\n                                            <div class=\"item-category\">\r\n                                                    <\/div>\r\n                                                                <div class=\"item-location\"><span class=\"pxl-icon pxli pxli-pin\"><\/span>VEL\u0130K\u00d6Y OSB \/TEK\u0130RDA\u011e<\/div>\r\n                                    <\/div>\r\n            <\/div>\r\n        <\/div>\r\n            <div class=\"grid-item col-xxl-4 col-xl-4 col-lg-6 col-md-6 col-sm-12 col-12\" >\r\n            <div class=\"grid-item-inner relative\">\r\n                                    <div class=\"item-featured\">\r\n                        <a href=\"https:\/\/www.somprefabrik.com\/en\/portfolio\/cetin-grup\/\">\r\n                            <figure class=\"post-thumbs\">\r\n                            <img decoding=\"async\" class=\"no-lazyload\" src=\"https:\/\/www.somprefabrik.com\/wp-content\/uploads\/2026\/02\/cetin-grup-310x190.png\" width=\"310\" height=\"190\" alt=\"\u00e7etin grup\" title=\"\u00e7etin grup\" \/>   \r\n                            <\/figure> \r\n                        <\/a>\r\n                    <\/div>\r\n                                <h4 class=\"item-title\">\r\n                    <a href=\"https:\/\/www.somprefabrik.com\/en\/portfolio\/cetin-grup\/\">\u00c7etin Grup<\/a>\r\n                <\/h4> \r\n                <div class=\"pxl-bd-anm bb\"><\/div>\r\n                <div class=\"item-metas d-flex-wrap justify-content-between\">\r\n                                            <div class=\"item-category\">\r\n                                                    <\/div>\r\n                                                                <div class=\"item-location\"><span class=\"pxl-icon pxli pxli-pin\"><\/span>KAPAKLI\/\u00c7ERKEZK\u00d6Y\/TEK\u0130RDA\u011e<\/div>\r\n                                    <\/div>\r\n            <\/div>\r\n        <\/div>\r\n            <div class=\"grid-item col-xxl-4 col-xl-4 col-lg-6 col-md-6 col-sm-12 col-12\" >\r\n            <div class=\"grid-item-inner relative\">\r\n                                    <div class=\"item-featured\">\r\n                        <a href=\"https:\/\/www.somprefabrik.com\/en\/portfolio\/kapicioglu-insaat\/\">\r\n                            <figure class=\"post-thumbs\">\r\n                            <img loading=\"lazy\" decoding=\"async\" class=\"no-lazyload\" src=\"https:\/\/www.somprefabrik.com\/wp-content\/uploads\/2026\/02\/kapicioglu-310x190.png\" width=\"310\" height=\"190\" alt=\"kap\u0131c\u0131o\u011flu\" title=\"kap\u0131c\u0131o\u011flu\" \/>   \r\n                            <\/figure> \r\n                        <\/a>\r\n                    <\/div>\r\n                                <h4 class=\"item-title\">\r\n                    <a href=\"https:\/\/www.somprefabrik.com\/en\/portfolio\/kapicioglu-insaat\/\">Kap\u0131c\u0131o\u011flu \u0130n\u015faat<\/a>\r\n                <\/h4> \r\n                <div class=\"pxl-bd-anm bb\"><\/div>\r\n                <div class=\"item-metas d-flex-wrap justify-content-between\">\r\n                                            <div class=\"item-category\">\r\n                                                    <\/div>\r\n                                                                <div class=\"item-location\"><span class=\"pxl-icon pxli pxli-pin\"><\/span>KOSB\/KIRKLAREL\u0130 <\/div>\r\n                                    <\/div>\r\n            <\/div>\r\n        <\/div>\r\n            <div class=\"grid-item col-xxl-4 col-xl-4 col-lg-6 col-md-6 col-sm-12 col-12\" >\r\n            <div class=\"grid-item-inner relative\">\r\n                                    <div class=\"item-featured\">\r\n                        <a href=\"https:\/\/www.somprefabrik.com\/en\/portfolio\/model-sanayi-merkezi\/\">\r\n                            <figure class=\"post-thumbs\">\r\n                            <img loading=\"lazy\" decoding=\"async\" class=\"no-lazyload\" src=\"https:\/\/www.somprefabrik.com\/wp-content\/uploads\/2025\/10\/model-1-1024x767-1-310x190.jpg\" width=\"310\" height=\"190\" alt=\"model-1-1024x767\" title=\"model-1-1024x767\" \/>   \r\n                            <\/figure> \r\n                        <\/a>\r\n                    <\/div>\r\n                                <h4 class=\"item-title\">\r\n                    <a href=\"https:\/\/www.somprefabrik.com\/en\/portfolio\/model-sanayi-merkezi\/\">Model Industrial Center<\/a>\r\n                <\/h4> \r\n                <div class=\"pxl-bd-anm bb\"><\/div>\r\n                <div class=\"item-metas d-flex-wrap justify-content-between\">\r\n                                            <div class=\"item-category\">\r\n                                                    <\/div>\r\n                                                                <div class=\"item-location\"><span class=\"pxl-icon pxli pxli-pin\"><\/span>Kapakl\u0131\/Tekirda\u011f<\/div>\r\n                                    <\/div>\r\n            <\/div>\r\n        <\/div>\r\n            <div class=\"grid-item col-xxl-4 col-xl-4 col-lg-6 col-md-6 col-sm-12 col-12\" >\r\n            <div class=\"grid-item-inner relative\">\r\n                                    <div class=\"item-featured\">\r\n                        <a href=\"https:\/\/www.somprefabrik.com\/en\/portfolio\/tatsan-helva\/\">\r\n                            <figure class=\"post-thumbs\">\r\n                            <img loading=\"lazy\" decoding=\"async\" class=\"no-lazyload\" src=\"https:\/\/www.somprefabrik.com\/wp-content\/uploads\/2025\/10\/1-2-310x190.jpg\" width=\"310\" height=\"190\" alt=\"1 (2)\" title=\"1 (2)\" \/>   \r\n                            <\/figure> \r\n                        <\/a>\r\n                    <\/div>\r\n                                <h4 class=\"item-title\">\r\n                    <a href=\"https:\/\/www.somprefabrik.com\/en\/portfolio\/tatsan-helva\/\">TATSAN HELVA<\/a>\r\n                <\/h4> \r\n                <div class=\"pxl-bd-anm bb\"><\/div>\r\n                <div class=\"item-metas d-flex-wrap justify-content-between\">\r\n                                            <div class=\"item-category\">\r\n                                                    <\/div>\r\n                                                                <div class=\"item-location\"><span class=\"pxl-icon pxli pxli-pin\"><\/span>K\u0131rklareli OSB.<\/div>\r\n                                    <\/div>\r\n            <\/div>\r\n        <\/div>\r\n            <div class=\"grid-item col-xxl-4 col-xl-4 col-lg-6 col-md-6 col-sm-12 col-12\" >\r\n            <div class=\"grid-item-inner relative\">\r\n                                    <div class=\"item-featured\">\r\n                        <a href=\"https:\/\/www.somprefabrik.com\/en\/portfolio\/opkon-optik-elektronik\/\">\r\n                            <figure class=\"post-thumbs\">\r\n                            <img loading=\"lazy\" decoding=\"async\" class=\"no-lazyload\" src=\"https:\/\/www.somprefabrik.com\/wp-content\/uploads\/2022\/06\/1-2fs-310x190.jpg\" width=\"310\" height=\"190\" alt=\"1-2fs\" title=\"1-2fs\" \/>   \r\n                            <\/figure> \r\n                        <\/a>\r\n                    <\/div>\r\n                                <h4 class=\"item-title\">\r\n                    <a href=\"https:\/\/www.somprefabrik.com\/en\/portfolio\/opkon-optik-elektronik\/\">OPKON OPTICAL ELECTRONICS<\/a>\r\n                <\/h4> \r\n                <div class=\"pxl-bd-anm bb\"><\/div>\r\n                <div class=\"item-metas d-flex-wrap justify-content-between\">\r\n                                            <div class=\"item-category\">\r\n                                                    <\/div>\r\n                                                                <div class=\"item-location\"><span class=\"pxl-icon pxli pxli-pin\"><\/span>K\u0131rklareli OSB.<\/div>\r\n                                    <\/div>\r\n            <\/div>\r\n        <\/div>\r\n        <\/div>\r\n    \r\n\r\n        <\/div> \t\t\t\t<\/div>\n\t\t\t\t<\/div>\n\t\t            <\/div>\r\n        <\/div>\r\n        \t\t\t<\/div>\n\t\t<\/section>\n\t\t        <section class=\"elementor-section elementor-top-section elementor-element elementor-element-ccc2168 pxl-section-overflow-hidden-yes elementor-section-boxed elementor-section-height-default elementor-section-height-default pxl-section-line-left-no pxl-section-line-right-no pxl-section-static-pos-no\" data-id=\"ccc2168\" data-element_type=\"section\" data-e-type=\"section\">\n\n        <div class=\"pxl-section-bg-parallax\" data-parallax=\"{&quot;y&quot;:-100}\"><\/div>        \n                <div class=\"elementor-container elementor-column-gap-default\">\n                <div class=\"elementor-column elementor-col-100 elementor-top-column elementor-element elementor-element-76be5a8 pxl-column-element-default pxl-column-overflow-hidden-no\" data-id=\"76be5a8\" data-element_type=\"column\" data-e-type=\"column\">\r\n        <div class=\"elementor-widget-wrap elementor-element-populated\">\r\n                     \r\n        \t\t<div class=\"elementor-element elementor-element-88847e6 pxl-wg-bd-anm-no elementor-widget elementor-widget-pxl_heading\" data-id=\"88847e6\" data-element_type=\"widget\" data-e-type=\"widget\" data-widget_type=\"pxl_heading.default\">\n\t\t\t\t<div class=\"elementor-widget-container\">\n\t\t\t\t\t<div class=\"pxl-heading-wrap d-flex\">\n    <div class=\"pxl-heading-inner center\">\n                <h2 class=\"heading-title pxl-split-text split-in-up\">\n            Want to <span class=\"text-primary\">hire<\/span> us?        <\/h2>\n            <\/div>\n<\/div>\n\n\t\t\t\t<\/div>\n\t\t\t\t<\/div>\n\t\t\t\t<div class=\"elementor-element elementor-element-62f1a13 elementor-align-center pxl-wg-bd-anm-no elementor-invisible pxl-elementor-animate elementor-widget elementor-widget-pxl_button\" data-id=\"62f1a13\" data-element_type=\"widget\" data-e-type=\"widget\" data-settings=\"{&quot;_animation&quot;:&quot;fadeInUp&quot;}\" data-widget_type=\"pxl_button.default\">\n\t\t\t\t<div class=\"elementor-widget-container\">\n\t\t\t\t\t<div id=\"pxl_button-62f1a13-6315\" class=\"pxl-button-wrapper d-flex-wrap pxl-button-layout1\" >\r\n            <a href=\"https:\/\/www.somprefabrik.com\/contact-us\/\" class=\"pxl-btn outline-under draw icon-ps-right\">\r\n             \r\n                <span class=\"draw-top-right\"><\/span>\r\n                <span class=\"draw-bottom-left\"><\/span>\r\n                                    <span class=\"pxl-button-text\">Contact Us<\/span>\r\n                    <\/a>\r\n    <\/div>\t\t\t\t<\/div>\n\t\t\t\t<\/div>\n\t\t            <\/div>\r\n        <\/div>\r\n        \t\t\t<\/div>\n\t\t<\/section>\n\t\t        <section class=\"elementor-section elementor-top-section elementor-element elementor-element-e475c0a elementor-section-full_width elementor-section-height-default elementor-section-height-default pxl-section-offset-none pxl-section-line-left-no pxl-section-line-right-no pxl-section-static-pos-no pxl-section-overflow-hidden-no\" data-id=\"e475c0a\" data-element_type=\"section\" data-e-type=\"section\">\n\n                \n                <div class=\"elementor-container elementor-column-gap-default\">\n                <div class=\"elementor-column elementor-col-100 elementor-top-column elementor-element elementor-element-2b83683 pxl-column-element-default pxl-column-overflow-hidden-no\" data-id=\"2b83683\" data-element_type=\"column\" data-e-type=\"column\">\r\n        <div class=\"elementor-widget-wrap elementor-element-populated\">\r\n                     \r\n        \t\t<div class=\"elementor-element elementor-element-b29b30f pxl-wg-bd-anm-no elementor-widget elementor-widget-pxl_title_effect\" data-id=\"b29b30f\" data-element_type=\"widget\" data-e-type=\"widget\" data-widget_type=\"pxl_title_effect.default\">\n\t\t\t\t<div class=\"elementor-widget-container\">\n\t\t\t\t\t\t<div class=\"pxl-title-effect scroll-parallax pxl-type-gradient\">\n\t\t<div class=\"pxl-title-inner-wrap\">\n\t\t\t<div class=\"pxl-title-inner\">\n\t\t\t\t<div class=\"pxl-item-title\" data-parallax=\"{&quot;x&quot;:500}\" data-center=\"true\">Architecture<\/div>\n\t\t\t\t\t\t\t<\/div>\n\t\t<\/div>\n\t<\/div> \n\t\t\t\t<\/div>\n\t\t\t\t<\/div>\n\t\t            <\/div>\r\n        <\/div>\r\n        \t\t\t<\/div>\n\t\t<\/section>\n\t\t        <section class=\"elementor-section elementor-top-section elementor-element elementor-element-9ffeed0 elementor-section-content-middle elementor-section-boxed elementor-section-height-default elementor-section-height-default pxl-section-line-left-no pxl-section-line-right-no pxl-section-static-pos-no pxl-section-overflow-hidden-no\" data-id=\"9ffeed0\" data-element_type=\"section\" data-e-type=\"section\">\n\n                \n                <div class=\"elementor-container elementor-column-gap-default\">\n                <div class=\"elementor-column elementor-col-25 elementor-top-column elementor-element elementor-element-bd74d31 pxl-column-element-default pxl-column-overflow-hidden-no\" data-id=\"bd74d31\" data-element_type=\"column\" data-e-type=\"column\">\r\n        <div class=\"elementor-widget-wrap elementor-element-populated\">\r\n                     \r\n        \t\t<div class=\"elementor-element elementor-element-b2c09d2 pxl-wg-bd-anm-no elementor-invisible pxl-elementor-animate elementor-widget elementor-widget-pxl_partner\" data-id=\"b2c09d2\" data-element_type=\"widget\" data-e-type=\"widget\" data-settings=\"{&quot;_animation&quot;:&quot;zoomIn&quot;}\" data-widget_type=\"pxl_partner.default\">\n\t\t\t\t<div class=\"elementor-widget-container\">\n\t\t\t\t\t    <div class=\"pxl-partner d-flex-wrap align-items-center justify-content-center\">\r\n                    <img loading=\"lazy\" decoding=\"async\" class=\"\" src=\"https:\/\/www.somprefabrik.com\/wp-content\/uploads\/2022\/12\/client1sx.jpg\" width=\"135\" height=\"134\" alt=\"client1sx\" title=\"client1sx\" \/>            <\/div>\r\n\t\t\t\t<\/div>\n\t\t\t\t<\/div>\n\t\t            <\/div>\r\n        <\/div>\r\n                <div class=\"elementor-column elementor-col-25 elementor-top-column elementor-element elementor-element-a6bf4f5 pxl-column-element-default pxl-column-overflow-hidden-no\" data-id=\"a6bf4f5\" data-element_type=\"column\" data-e-type=\"column\">\r\n        <div class=\"elementor-widget-wrap elementor-element-populated\">\r\n                     \r\n        \t\t<div class=\"elementor-element elementor-element-28391c7 pxl-wg-bd-anm-no elementor-invisible pxl-elementor-animate elementor-widget elementor-widget-pxl_partner\" data-id=\"28391c7\" data-element_type=\"widget\" data-e-type=\"widget\" data-settings=\"{&quot;_animation&quot;:&quot;zoomIn&quot;}\" data-widget_type=\"pxl_partner.default\">\n\t\t\t\t<div class=\"elementor-widget-container\">\n\t\t\t\t\t    <div class=\"pxl-partner d-flex-wrap align-items-center justify-content-center\">\r\n                    <img loading=\"lazy\" decoding=\"async\" class=\"\" src=\"https:\/\/www.somprefabrik.com\/wp-content\/uploads\/2022\/12\/client2xs.jpg\" width=\"231\" height=\"230\" alt=\"client2xs\" title=\"client2xs\" \/>            <\/div>\r\n\t\t\t\t<\/div>\n\t\t\t\t<\/div>\n\t\t            <\/div>\r\n        <\/div>\r\n                <div class=\"elementor-column elementor-col-25 elementor-top-column elementor-element elementor-element-4c8f2d8 pxl-column-element-default pxl-column-overflow-hidden-no\" data-id=\"4c8f2d8\" data-element_type=\"column\" data-e-type=\"column\">\r\n        <div class=\"elementor-widget-wrap elementor-element-populated\">\r\n                     \r\n        \t\t<div class=\"elementor-element elementor-element-0cf4f6d pxl-wg-bd-anm-no elementor-invisible pxl-elementor-animate elementor-widget elementor-widget-pxl_partner\" data-id=\"0cf4f6d\" data-element_type=\"widget\" data-e-type=\"widget\" data-settings=\"{&quot;_animation&quot;:&quot;zoomIn&quot;}\" data-widget_type=\"pxl_partner.default\">\n\t\t\t\t<div class=\"elementor-widget-container\">\n\t\t\t\t\t    <div class=\"pxl-partner d-flex-wrap align-items-center justify-content-center\">\r\n                    <img loading=\"lazy\" decoding=\"async\" class=\"\" src=\"https:\/\/www.somprefabrik.com\/wp-content\/uploads\/2022\/12\/client3sx.jpg\" width=\"171\" height=\"169\" alt=\"client3sx\" title=\"client3sx\" \/>            <\/div>\r\n\t\t\t\t<\/div>\n\t\t\t\t<\/div>\n\t\t            <\/div>\r\n        <\/div>\r\n                <div class=\"elementor-column elementor-col-25 elementor-top-column elementor-element elementor-element-9360f3a pxl-column-element-default pxl-column-overflow-hidden-no\" data-id=\"9360f3a\" data-element_type=\"column\" data-e-type=\"column\">\r\n        <div class=\"elementor-widget-wrap elementor-element-populated\">\r\n                     \r\n        \t\t<div class=\"elementor-element elementor-element-342d8f5 pxl-wg-bd-anm-no elementor-invisible pxl-elementor-animate elementor-widget elementor-widget-pxl_partner\" data-id=\"342d8f5\" data-element_type=\"widget\" data-e-type=\"widget\" data-settings=\"{&quot;_animation&quot;:&quot;zoomIn&quot;}\" data-widget_type=\"pxl_partner.default\">\n\t\t\t\t<div class=\"elementor-widget-container\">\n\t\t\t\t\t    <div class=\"pxl-partner d-flex-wrap align-items-center justify-content-center\">\r\n                    <img loading=\"lazy\" decoding=\"async\" class=\"\" src=\"https:\/\/www.somprefabrik.com\/wp-content\/uploads\/2022\/12\/client4xs.jpg\" width=\"510\" height=\"511\" alt=\"client4xs\" title=\"client4xs\" \/>            <\/div>\r\n\t\t\t\t<\/div>\n\t\t\t\t<\/div>\n\t\t            <\/div>\r\n        <\/div>\r\n        \t\t\t<\/div>\n\t\t<\/section>\n\t\t\t\t<\/div>","protected":false},"excerpt":{"rendered":"<p>Century Circuit Mockup Eveleigh Rob Villa Clean Architecture Kensington Orin Archit\u00e9cture Food Campsie Frek Int\u00e9rieurs Clean Architecture Albenia House Decor Clean Architecture 02 Loch St, Campsie Mini Apartment Technology 114 Cosgrove Rd, Strathfield Industrial Apartment Architecture Design 1\/35 Burwood Rd Casa El Maqui Abstract 19 Boronia Rd, Greenacre Student Residence Areosa Architecture Design 2R Edward [&hellip;]<\/p>\n","protected":false},"author":1,"featured_media":0,"parent":0,"menu_order":0,"comment_status":"closed","ping_status":"closed","template":"","meta":{"pagelayer_contact_templates":[],"_pagelayer_content":"","footnotes":""},"class_list":["post-8515","page","type-page","status-publish","hentry"],"_links":{"self":[{"href":"https:\/\/www.somprefabrik.com\/en\/wp-json\/wp\/v2\/pages\/8515","targetHints":{"allow":["GET"]}}],"collection":[{"href":"https:\/\/www.somprefabrik.com\/en\/wp-json\/wp\/v2\/pages"}],"about":[{"href":"https:\/\/www.somprefabrik.com\/en\/wp-json\/wp\/v2\/types\/page"}],"author":[{"embeddable":true,"href":"https:\/\/www.somprefabrik.com\/en\/wp-json\/wp\/v2\/users\/1"}],"replies":[{"embeddable":true,"href":"https:\/\/www.somprefabrik.com\/en\/wp-json\/wp\/v2\/comments?post=8515"}],"version-history":[{"count":0,"href":"https:\/\/www.somprefabrik.com\/en\/wp-json\/wp\/v2\/pages\/8515\/revisions"}],"wp:attachment":[{"href":"https:\/\/www.somprefabrik.com\/en\/wp-json\/wp\/v2\/media?parent=8515"}],"curies":[{"name":"wp","href":"https:\/\/api.w.org\/{rel}","templated":true}]}}