{"id":10485,"date":"2025-10-01T14:07:21","date_gmt":"2025-10-01T14:07:21","guid":{"rendered":"https:\/\/www.somprefabrik.com\/?page_id=10485"},"modified":"2026-02-10T15:27:35","modified_gmt":"2026-02-10T15:27:35","slug":"faaliyet-alani","status":"publish","type":"page","link":"https:\/\/www.somprefabrik.com\/en\/faaliyet-alani\/","title":{"rendered":"Field of Activity"},"content":{"rendered":"\t\t<div data-elementor-type=\"wp-page\" data-elementor-id=\"10485\" class=\"elementor elementor-10485\">\n\t\t\t\t<div class=\"elementor-element elementor-element-3c70e69 e-flex e-con-boxed e-con e-parent \" data-id=\"3c70e69\" data-element_type=\"container\" data-e-type=\"container\">\t\t\t<div class=\"e-con-inner\">\r\n\t\t\t\t<div class=\"elementor-element elementor-element-4020978 pxl-wg-bd-anm-no elementor-widget elementor-widget-text-editor\" data-id=\"4020978\" data-element_type=\"widget\" data-e-type=\"widget\" data-widget_type=\"text-editor.default\">\n\t\t\t\t\t\t\t\t\t<article class=\"text-token-text-primary w-full focus:outline-none [--shadow-height:45px] has-data-writing-block:pointer-events-none has-data-writing-block:-mt-(--shadow-height) has-data-writing-block:pt-(--shadow-height) [&amp;:has([data-writing-block])&gt;*]:pointer-events-auto [content-visibility:auto] supports-[content-visibility:auto]:[contain-intrinsic-size:auto_100lvh] scroll-mt-[calc(var(--header-height)+min(200px,max(70px,20svh)))]\" dir=\"auto\" tabindex=\"-1\" data-turn-id=\"request-WEB:efc4991c-b54b-4a37-8467-cafd960c788f-3\" data-testid=\"conversation-turn-8\" data-scroll-anchor=\"true\" data-turn=\"assistant\"><div class=\"text-base my-auto mx-auto pb-10 [--thread-content-margin:--spacing(4)] thread-sm:[--thread-content-margin:--spacing(6)] thread-lg:[--thread-content-margin:--spacing(16)] px-(--thread-content-margin)\"><div class=\"[--thread-content-max-width:40rem] thread-lg:[--thread-content-max-width:48rem] mx-auto max-w-(--thread-content-max-width) flex-1 group\/turn-messages focus-visible:outline-hidden relative flex w-full min-w-0 flex-col agent-turn\" tabindex=\"-1\"><div class=\"flex max-w-full flex-col grow\"><div class=\"min-h-8 text-message relative flex w-full flex-col items-end gap-2 text-start break-words whitespace-normal [.text-message+&amp;]:mt-1\" dir=\"auto\" data-message-author-role=\"assistant\" data-message-id=\"7c7c6384-1ac1-4fa2-96c5-3b51e5d11a0f\" data-message-model-slug=\"gpt-4o-mini\"><div class=\"flex w-full flex-col gap-1 empty:hidden first:pt-[1px]\"><div class=\"markdown prose dark:prose-invert w-full break-words dark markdown-new-styling\"><h3 data-start=\"112\" data-end=\"136\"><strong data-start=\"112\" data-end=\"136\">Faaliyet Alanlar\u0131m\u0131z<\/strong><\/h3><p data-start=\"138\" data-end=\"396\">SOM PREFABR\u0130K, b\u00fcy\u00fck projelerde ba\u015far\u0131yla yer alarak, end\u00fcstri lideri bir konuma ula\u015fm\u0131\u015ft\u0131r. Modern tasar\u0131m anlay\u0131\u015f\u0131, m\u00fchendislik uzmanl\u0131\u011f\u0131 ve kaliteli malzemeler kullanarak, \u00e7e\u015fitli sekt\u00f6rlerde \u00f6zel projeler ger\u00e7ekle\u015ftirmekteyiz. \u0130\u015fte, faaliyet alanlar\u0131m\u0131z:<\/p><h5 data-path-to-node=\"6\"><b>1. End\u00fcstriyel Tesis \/ Fabrika<\/b><\/h5><p data-path-to-node=\"7\">Sanayi tesisleri i\u00e7in \u00f6zel olarak tasarlanm\u0131\u015f prefabrik yap\u0131larla, m\u00fc\u015fterilerimize y\u00fcksek kaliteli ve g\u00fcvenilir \u00e7\u00f6z\u00fcmler sunuyoruz. End\u00fcstriyel projelerimizde, i\u015flevsellik, enerji verimlili\u011fi ve g\u00fcvenlik standartlar\u0131na \u00f6ncelik veriyoruz.<\/p><h5 data-path-to-node=\"8\"><b>2. Sanayi Siteleri<\/b><\/h5><p data-path-to-node=\"9\">\u00dcretim ve hizmet sekt\u00f6r\u00fcne y\u00f6nelik sanayi siteleri projelerinde, i\u015f ak\u0131\u015f\u0131n\u0131 kolayla\u015ft\u0131ran mod\u00fcler ve dayan\u0131kl\u0131 yap\u0131lar in\u015fa ediyoruz. \u0130\u015fletmelerin ihtiya\u00e7lar\u0131na uygun, modern ve organize sanayi \u00e7\u00f6z\u00fcmleri geli\u015ftiriyoruz.<\/p><h5 data-path-to-node=\"10\"><b>3. Lojistik Depolar<\/b><\/h5><p data-path-to-node=\"11\">H\u0131zl\u0131 ve etkili lojistik operasyonlar\u0131 i\u00e7in \u00f6zel prefabrik depo \u00e7\u00f6z\u00fcmleri \u00fcretiyoruz. M\u00fc\u015fterilerimizin depolama ihtiya\u00e7lar\u0131na uygun esnek tasar\u0131mlar ve optimize edilmi\u015f depo yap\u0131lar\u0131 sunarak, lojistik sekt\u00f6r\u00fcne katk\u0131da bulunuyoruz.<\/p><\/div><\/div><\/div><\/div><\/div><\/div><\/article>\t\t\t\t\t\t\t\t<\/div>\n\t\t\t\t<div class=\"elementor-element elementor-element-a3a0d2e pxl-wg-bd-anm-no elementor-widget elementor-widget-spacer\" data-id=\"a3a0d2e\" data-element_type=\"widget\" data-e-type=\"widget\" data-widget_type=\"spacer.default\">\n\t\t\t\t\t\t\t<div class=\"elementor-spacer\">\n\t\t\t<div class=\"elementor-spacer-inner\"><\/div>\n\t\t<\/div>\n\t\t\t\t\t\t<\/div>\n\t\t\t\t\t<\/div>\r\n\t\t\t\t<\/div>\r\n\t\t<div class=\"elementor-element elementor-element-a126a0f e-flex e-con-boxed e-con e-parent \" data-id=\"a126a0f\" data-element_type=\"container\" data-e-type=\"container\">\t\t\t<div class=\"e-con-inner\">\r\n\t\t\t\t<div class=\"elementor-element elementor-element-a066d5f pxl-wg-bd-anm-no elementor-widget elementor-widget-text-editor\" data-id=\"a066d5f\" data-element_type=\"widget\" data-e-type=\"widget\" data-widget_type=\"text-editor.default\">\n\t\t\t\t\t\t\t\t\t<article class=\"text-token-text-primary w-full focus:outline-none [--shadow-height:45px] has-data-writing-block:pointer-events-none has-data-writing-block:-mt-(--shadow-height) has-data-writing-block:pt-(--shadow-height) [&amp;:has([data-writing-block])&gt;*]:pointer-events-auto [content-visibility:auto] supports-[content-visibility:auto]:[contain-intrinsic-size:auto_100lvh] scroll-mt-[calc(var(--header-height)+min(200px,max(70px,20svh)))]\" dir=\"auto\" tabindex=\"-1\" data-turn-id=\"request-WEB:efc4991c-b54b-4a37-8467-cafd960c788f-3\" data-testid=\"conversation-turn-8\" data-scroll-anchor=\"true\" data-turn=\"assistant\"><div class=\"text-base my-auto mx-auto pb-10 [--thread-content-margin:--spacing(4)] thread-sm:[--thread-content-margin:--spacing(6)] thread-lg:[--thread-content-margin:--spacing(16)] px-(--thread-content-margin)\"><div class=\"[--thread-content-max-width:40rem] thread-lg:[--thread-content-max-width:48rem] mx-auto max-w-(--thread-content-max-width) flex-1 group\/turn-messages focus-visible:outline-hidden relative flex w-full min-w-0 flex-col agent-turn\" tabindex=\"-1\"><div class=\"flex max-w-full flex-col grow\"><div class=\"min-h-8 text-message relative flex w-full flex-col items-end gap-2 text-start break-words whitespace-normal [.text-message+&amp;]:mt-1\" dir=\"auto\" data-message-author-role=\"assistant\" data-message-id=\"7c7c6384-1ac1-4fa2-96c5-3b51e5d11a0f\" data-message-model-slug=\"gpt-4o-mini\"><div class=\"flex w-full flex-col gap-1 empty:hidden first:pt-[1px]\"><div class=\"markdown prose dark:prose-invert w-full break-words dark markdown-new-styling\"><h3 data-start=\"112\" data-end=\"136\"><b>Projelendirme<\/b>\u00a0<\/h3><p style=\"font-weight: 400;\">Fikirlerin ger\u00e7e\u011fe d\u00f6n\u00fc\u015ft\u00fc\u011f\u00fc yer<u><br \/><\/u><\/p><p style=\"font-weight: 400;\">G\u00fcn\u00fcm\u00fcz m\u00fchendisli\u011finde ba\u015far\u0131, sahada d\u00f6k\u00fclen ter kadar, ekran ba\u015f\u0131nda harcanan zihinsel efordan ge\u00e7iyor. Geli\u015fmi\u015f BIM ve CAD yaz\u0131l\u0131mlar\u0131yla karma\u015f\u0131k yap\u0131lar\u0131 \u00f6nce dijital ortamda en ince detay\u0131na kadar modelliyor, olas\u0131 sorunlar\u0131 daha proje a\u015famas\u0131ndayken \u00e7\u00f6z\u00fcyoruz. Amac\u0131m\u0131z sadece \u00e7izmek de\u011fil; g\u00fcvenli, verimli ve s\u00fcrd\u00fcr\u00fclebilir yap\u0131lar tasarlamak.<\/p><\/div><\/div><\/div><\/div><\/div><\/div><\/article>\t\t\t\t\t\t\t\t<\/div>\n\t\t\t\t<div class=\"elementor-element elementor-element-d66d3da pxl-wg-bd-anm-no elementor-widget elementor-widget-spacer\" data-id=\"d66d3da\" data-element_type=\"widget\" data-e-type=\"widget\" data-widget_type=\"spacer.default\">\n\t\t\t\t\t\t\t<div class=\"elementor-spacer\">\n\t\t\t<div class=\"elementor-spacer-inner\"><\/div>\n\t\t<\/div>\n\t\t\t\t\t\t<\/div>\n\t\t\t\t<div class=\"elementor-element elementor-element-197f135 pxl-wg-bd-anm-no elementor-widget elementor-widget-image-gallery\" data-id=\"197f135\" data-element_type=\"widget\" data-e-type=\"widget\" data-widget_type=\"image-gallery.default\">\n\t\t\t\t\t\t\t<div class=\"elementor-image-gallery\">\n\t\t\t\n\t\t<style type=\"text\/css\">\n\t\t\t#gallery-1 {\n\t\t\t\tmargin: auto;\n\t\t\t}\n\t\t\t#gallery-1 .gallery-item {\n\t\t\t\tfloat: left;\n\t\t\t\tmargin-top: 10px;\n\t\t\t\ttext-align: center;\n\t\t\t\twidth: 50%;\n\t\t\t}\n\t\t\t#gallery-1 img {\n\t\t\t\tborder: 2px solid #cfcfcf;\n\t\t\t}\n\t\t\t#gallery-1 .gallery-caption {\n\t\t\t\tmargin-left: 0;\n\t\t\t}\n\t\t\t\/* see gallery_shortcode() in wp-includes\/media.php *\/\n\t\t<\/style>\n\t\t<div id='gallery-1' class='gallery galleryid-10485 gallery-columns-2 gallery-size-medium'><dl class='gallery-item'>\n\t\t\t<dt class='gallery-icon landscape'>\n\t\t\t\t<a data-elementor-open-lightbox=\"yes\" data-elementor-lightbox-slideshow=\"197f135\" data-elementor-lightbox-title=\"3D_Fabrika (1)\" data-e-action-hash=\"#elementor-action%3Aaction%3Dlightbox%26settings%3DeyJpZCI6MTEwNDYsInVybCI6Imh0dHBzOlwvXC93d3cuc29tcHJlZmFicmlrLmNvbVwvd3AtY29udGVudFwvdXBsb2Fkc1wvMjAyNlwvMDFcLzNEX0ZhYnJpa2EtMS5wbmciLCJzbGlkZXNob3ciOiIxOTdmMTM1In0%3D\" href='https:\/\/www.somprefabrik.com\/wp-content\/uploads\/2026\/01\/3D_Fabrika-1.png'><img fetchpriority=\"high\" decoding=\"async\" width=\"770\" height=\"450\" src=\"https:\/\/www.somprefabrik.com\/wp-content\/uploads\/2026\/01\/3D_Fabrika-1-770x450.png\" class=\"attachment-medium size-medium\" alt=\"\" \/><\/a>\n\t\t\t<\/dt><\/dl><dl class='gallery-item'>\n\t\t\t<dt class='gallery-icon landscape'>\n\t\t\t\t<a data-elementor-open-lightbox=\"yes\" data-elementor-lightbox-slideshow=\"197f135\" data-elementor-lightbox-title=\"3d fabrika_1 (1)\" data-e-action-hash=\"#elementor-action%3Aaction%3Dlightbox%26settings%3DeyJpZCI6MTEwNDcsInVybCI6Imh0dHBzOlwvXC93d3cuc29tcHJlZmFicmlrLmNvbVwvd3AtY29udGVudFwvdXBsb2Fkc1wvMjAyNlwvMDFcLzNkLWZhYnJpa2FfMS0xLXNjYWxlZC5qcGciLCJzbGlkZXNob3ciOiIxOTdmMTM1In0%3D\" href='https:\/\/www.somprefabrik.com\/wp-content\/uploads\/2026\/01\/3d-fabrika_1-1-scaled.jpg'><img decoding=\"async\" width=\"770\" height=\"450\" src=\"https:\/\/www.somprefabrik.com\/wp-content\/uploads\/2026\/01\/3d-fabrika_1-1-770x450.jpg\" class=\"attachment-medium size-medium\" alt=\"\" \/><\/a>\n\t\t\t<\/dt><\/dl><br style=\"clear: both\" \/><dl class='gallery-item'>\n\t\t\t<dt class='gallery-icon landscape'>\n\t\t\t\t<a data-elementor-open-lightbox=\"yes\" data-elementor-lightbox-slideshow=\"197f135\" data-elementor-lightbox-title=\"Bas\u0327l\u0131ks\u0131z-1\" data-e-action-hash=\"#elementor-action%3Aaction%3Dlightbox%26settings%3DeyJpZCI6MTExMTYsInVybCI6Imh0dHBzOlwvXC93d3cuc29tcHJlZmFicmlrLmNvbVwvd3AtY29udGVudFwvdXBsb2Fkc1wvMjAyNlwvMDJcL0Jhc2xpa3Npei0xLnBuZyIsInNsaWRlc2hvdyI6IjE5N2YxMzUifQ%3D%3D\" href='https:\/\/www.somprefabrik.com\/wp-content\/uploads\/2026\/02\/Basliksiz-1.png'><img decoding=\"async\" width=\"770\" height=\"450\" src=\"https:\/\/www.somprefabrik.com\/wp-content\/uploads\/2026\/02\/Basliksiz-1-770x450.png\" class=\"attachment-medium size-medium\" alt=\"\" \/><\/a>\n\t\t\t<\/dt><\/dl>\n\t\t\t<br style='clear: both' \/>\n\t\t<\/div>\n\t\t<\/div>\n\t\t\t\t\t\t<\/div>\n\t\t\t\t\t<\/div>\r\n\t\t\t\t<\/div>\r\n\t\t<div class=\"elementor-element elementor-element-b7fbd2d e-flex e-con-boxed e-con e-parent \" data-id=\"b7fbd2d\" data-element_type=\"container\" data-e-type=\"container\">\t\t\t<div class=\"e-con-inner\">\r\n\t\t\t\t<div class=\"elementor-element elementor-element-acc905e pxl-wg-bd-anm-no elementor-widget elementor-widget-spacer\" data-id=\"acc905e\" data-element_type=\"widget\" data-e-type=\"widget\" data-widget_type=\"spacer.default\">\n\t\t\t\t\t\t\t<div class=\"elementor-spacer\">\n\t\t\t<div class=\"elementor-spacer-inner\"><\/div>\n\t\t<\/div>\n\t\t\t\t\t\t<\/div>\n\t\t\t\t\t<\/div>\r\n\t\t\t\t<\/div>\r\n\t\t<div class=\"elementor-element elementor-element-49b55ff e-flex e-con-boxed e-con e-parent \" data-id=\"49b55ff\" data-element_type=\"container\" data-e-type=\"container\">\t\t\t<div class=\"e-con-inner\">\r\n\t\t\t\t<div class=\"elementor-element elementor-element-bcd6908 pxl-wg-bd-anm-no elementor-widget elementor-widget-html\" data-id=\"bcd6908\" data-element_type=\"widget\" data-e-type=\"widget\" data-widget_type=\"html.default\">\n\t\t\t\t\t<!DOCTYPE html>\r\n<html lang=\"tr\">\r\n<head>\r\n    <meta charset=\"UTF-8\">\r\n    <meta name=\"viewport\" content=\"width=device-width, initial-scale=1.0\">\r\n    <title>SOM Prefabrik - Hizmetler<\/title>\r\n    <style>\r\n        * {\r\n            margin: 0;\r\n            padding: 0;\r\n            box-sizing: border-box;\r\n        }\r\n\r\n        body {\r\n            font-family: 'Inter', 'Segoe UI', Tahoma, sans-serif;\r\n            background: #fafafa;\r\n            color: #2d3748;\r\n            line-height: 1.7;\r\n        }\r\n\r\n        .container {\r\n            max-width: 1140px;\r\n            margin: 0 auto;\r\n            padding: 0 20px;\r\n        }\r\n\r\n        \/* Hero Section *\/\r\n        .hero-section {\r\n            background: linear-gradient(135deg, #01afad 0%, #018a88 100%);\r\n            color: white;\r\n            padding: 60px 20px;\r\n            text-align: center;\r\n            margin-bottom: 60px;\r\n        }\r\n\r\n        .hero-section h1 {\r\n            font-size: 2.2em;\r\n            margin-bottom: 12px;\r\n            font-weight: 600;\r\n            letter-spacing: -0.5px;\r\n        }\r\n\r\n        \/* Section *\/\r\n        .section {\r\n            margin-bottom: 70px;\r\n        }\r\n\r\n        .section-header {\r\n            text-align: center;\r\n            margin-bottom: 45px;\r\n        }\r\n\r\n        .section-header h2 {\r\n            font-size: 1.9em;\r\n            color: #1a202c;\r\n            margin-bottom: 8px;\r\n            font-weight: 600;\r\n            position: relative;\r\n            display: inline-block;\r\n        }\r\n\r\n        .section-header h2::after {\r\n            content: '';\r\n            position: absolute;\r\n            bottom: -12px;\r\n            left: 50%;\r\n            transform: translateX(-50%);\r\n            width: 50px;\r\n            height: 3px;\r\n            background: #01afad;\r\n            border-radius: 3px;\r\n        }\r\n\r\n        \/* Service Card *\/\r\n        .service-card {\r\n            background: white;\r\n            border-radius: 8px;\r\n            padding: 35px;\r\n            box-shadow: 0 2px 8px rgba(0,0,0,0.06);\r\n            border: 1px solid #e2e8f0;\r\n            transition: all 0.3s ease;\r\n            max-width: 900px;\r\n            margin: 0 auto;\r\n        }\r\n\r\n        .service-card:hover {\r\n            box-shadow: 0 8px 24px rgba(1,175,173,0.12);\r\n            border-color: #01afad;\r\n        }\r\n\r\n        .service-card h3 {\r\n            color: #1a202c;\r\n            font-size: 1.35em;\r\n            margin-bottom: 24px;\r\n            font-weight: 600;\r\n            padding-bottom: 15px;\r\n            border-bottom: 2px solid #01afad;\r\n        }\r\n\r\n        .service-card ul {\r\n            list-style: none;\r\n            padding: 0;\r\n        }\r\n\r\n        .service-card ul li {\r\n            padding: 14px 0;\r\n            padding-left: 32px;\r\n            position: relative;\r\n            color: #4a5568;\r\n            font-size: 0.98em;\r\n            border-bottom: 1px solid #f7fafc;\r\n        }\r\n\r\n        .service-card ul li:last-child {\r\n            border-bottom: none;\r\n        }\r\n\r\n        .service-card ul li::before {\r\n            content: '';\r\n            position: absolute;\r\n            left: 0;\r\n            top: 20px;\r\n            width: 6px;\r\n            height: 6px;\r\n            background: #01afad;\r\n            border-radius: 50%;\r\n        }\r\n\r\n        \/* Process Section *\/\r\n        .process-section {\r\n            background: white;\r\n            padding: 50px 30px;\r\n            border-radius: 8px;\r\n            border: 1px solid #e2e8f0;\r\n        }\r\n\r\n        .process-grid {\r\n            display: grid;\r\n            grid-template-columns: repeat(auto-fit, minmax(280px, 1fr));\r\n            gap: 20px;\r\n            margin-top: 35px;\r\n        }\r\n\r\n        .process-item {\r\n            display: flex;\r\n            align-items: flex-start;\r\n            gap: 15px;\r\n            padding: 18px;\r\n            background: #f7fafc;\r\n            border-radius: 6px;\r\n            border-left: 3px solid #01afad;\r\n            transition: all 0.3s ease;\r\n        }\r\n\r\n        .process-item:hover {\r\n            background: #edf7f7;\r\n            transform: translateX(4px);\r\n        }\r\n\r\n        .process-number {\r\n            min-width: 38px;\r\n            height: 38px;\r\n            background: #01afad;\r\n            color: white;\r\n            border-radius: 6px;\r\n            display: flex;\r\n            align-items: center;\r\n            justify-content: center;\r\n            font-size: 1.1em;\r\n            font-weight: 600;\r\n            flex-shrink: 0;\r\n        }\r\n\r\n        .process-content h4 {\r\n            color: #2d3748;\r\n            font-size: 1em;\r\n            font-weight: 500;\r\n            margin: 0;\r\n            line-height: 1.5;\r\n        }\r\n\r\n        \/* Responsive *\/\r\n        @media (max-width: 768px) {\r\n            .hero-section {\r\n                padding: 45px 20px;\r\n            }\r\n\r\n            .hero-section h1 {\r\n                font-size: 1.7em;\r\n            }\r\n\r\n            .section-header h2 {\r\n                font-size: 1.6em;\r\n            }\r\n\r\n            .service-card {\r\n                padding: 25px;\r\n            }\r\n\r\n            .service-card h3 {\r\n                font-size: 1.2em;\r\n            }\r\n\r\n            .process-grid {\r\n                grid-template-columns: 1fr;\r\n            }\r\n\r\n            .process-section {\r\n                padding: 35px 20px;\r\n            }\r\n        }\r\n\r\n        @media (max-width: 480px) {\r\n            .hero-section h1 {\r\n                font-size: 1.5em;\r\n            }\r\n\r\n            .section-header h2 {\r\n                font-size: 1.4em;\r\n            }\r\n\r\n            .service-card ul li {\r\n                padding-left: 28px;\r\n                font-size: 0.95em;\r\n            }\r\n        }\r\n    <\/style>\r\n<\/head>\r\n<body>\r\n\r\n\r\n\r\n    <div class=\"container\">\r\n        \r\n        <!-- Montaj Service -->\r\n        <div class=\"section\">\r\n            <div class=\"section-header\">\r\n                <h2>Montaj & \u015eantiye<\/h2>\r\n            <\/div>\r\n\r\n            <div class=\"service-card\">\r\n             \r\n                <ul>\r\n                    <li>Deneyimli mobil montaj ekipleri<\/li>\r\n                    <li>Saha ke\u015ffi ve haz\u0131rl\u0131k s\u00fcre\u00e7lerinin y\u00f6netimi<\/li>\r\n                    <li>Lifting planlamas\u0131 ve kald\u0131rma g\u00fcvenli\u011fi<\/li>\r\n                    <li>Montaj sonras\u0131 kalite kontrol raporlamas\u0131<\/li>\r\n                    <li>\u0130\u015f g\u00fcvenli\u011fi prosed\u00fcrlerinin eksiksiz uygulanmas\u0131<\/li>\r\n                <\/ul>\r\n            <\/div>\r\n        <\/div>\r\n\r\n        <!-- Process Section -->\r\n        <div class=\"section\">\r\n            <div class=\"section-header\">\r\n                <h2>S\u00fcre\u00e7 Y\u00f6netimi<\/h2>\r\n            <\/div>\r\n\r\n            <div class=\"process-section\">\r\n                <div class=\"process-grid\">\r\n                    <div class=\"process-item\">\r\n                        <div class=\"process-number\">1<\/div>\r\n                        <div class=\"process-content\">\r\n                            <h4>Ke\u015fif & Yerinde \u0130nceleme<\/h4>\r\n                        <\/div>\r\n                    <\/div>\r\n\r\n                    <div class=\"process-item\">\r\n                        <div class=\"process-number\">2<\/div>\r\n                        <div class=\"process-content\">\r\n                            <h4>\u00d6n Proje ve Teklif Haz\u0131rlama<\/h4>\r\n                        <\/div>\r\n                    <\/div>\r\n\r\n                    <div class=\"process-item\">\r\n                        <div class=\"process-number\">3<\/div>\r\n                        <div class=\"process-content\">\r\n                            <h4>Ruhsat Statik Projeleri<\/h4>\r\n                        <\/div>\r\n                    <\/div>\r\n\r\n                    <div class=\"process-item\">\r\n                        <div class=\"process-number\">4<\/div>\r\n                        <div class=\"process-content\">\r\n                            <h4>\u00dcretim Planlamas\u0131<\/h4>\r\n                        <\/div>\r\n                    <\/div>\r\n\r\n                    <div class=\"process-item\">\r\n                        <div class=\"process-number\">5<\/div>\r\n                        <div class=\"process-content\">\r\n                            <h4>Prefabrik Eleman \u00dcretimi<\/h4>\r\n                        <\/div>\r\n                    <\/div>\r\n\r\n                    <div class=\"process-item\">\r\n                        <div class=\"process-number\">6<\/div>\r\n                        <div class=\"process-content\">\r\n                            <h4>Nakliye & Lojistik<\/h4>\r\n                        <\/div>\r\n                    <\/div>\r\n\r\n                    <div class=\"process-item\">\r\n                        <div class=\"process-number\">7<\/div>\r\n                        <div class=\"process-content\">\r\n                            <h4>Montaj<\/h4>\r\n                        <\/div>\r\n                    <\/div>\r\n\r\n                    <div class=\"process-item\">\r\n                        <div class=\"process-number\">8<\/div>\r\n                        <div class=\"process-content\">\r\n                            <h4>Teslim<\/h4>\r\n                        <\/div>\r\n                    <\/div>\r\n\r\n                    <div class=\"process-item\">\r\n                        <div class=\"process-number\">9<\/div>\r\n                        <div class=\"process-content\">\r\n                            <h4>Garanti & Sat\u0131\u015f Sonras\u0131 Destek<\/h4>\r\n                        <\/div>\r\n                    <\/div>\r\n                <\/div>\r\n            <\/div>\r\n        <\/div>\r\n\r\n    <\/div>\r\n\r\n<\/body>\r\n<\/html>\t\t\t\t<\/div>\n\t\t\t\t\t<\/div>\r\n\t\t\t\t<\/div>\r\n\t\t\t\t<\/div>\n\t\t","protected":false},"excerpt":{"rendered":"<p>Faaliyet Alanlar\u0131m\u0131z SOM PREFABR\u0130K, b\u00fcy\u00fck projelerde ba\u015far\u0131yla yer alarak, end\u00fcstri lideri bir konuma ula\u015fm\u0131\u015ft\u0131r. Modern tasar\u0131m anlay\u0131\u015f\u0131, m\u00fchendislik uzmanl\u0131\u011f\u0131 ve kaliteli malzemeler kullanarak, \u00e7e\u015fitli sekt\u00f6rlerde \u00f6zel projeler ger\u00e7ekle\u015ftirmekteyiz. \u0130\u015fte, faaliyet alanlar\u0131m\u0131z: 1. End\u00fcstriyel Tesis \/ Fabrika Sanayi tesisleri i\u00e7in \u00f6zel olarak tasarlanm\u0131\u015f prefabrik yap\u0131larla, m\u00fc\u015fterilerimize y\u00fcksek kaliteli ve g\u00fcvenilir \u00e7\u00f6z\u00fcmler sunuyoruz. End\u00fcstriyel projelerimizde, i\u015flevsellik, enerji [&hellip;]<\/p>\n","protected":false},"author":1,"featured_media":0,"parent":0,"menu_order":0,"comment_status":"closed","ping_status":"closed","template":"","meta":{"pagelayer_contact_templates":[],"_pagelayer_content":"","footnotes":""},"class_list":["post-10485","page","type-page","status-publish","hentry"],"_links":{"self":[{"href":"https:\/\/www.somprefabrik.com\/en\/wp-json\/wp\/v2\/pages\/10485","targetHints":{"allow":["GET"]}}],"collection":[{"href":"https:\/\/www.somprefabrik.com\/en\/wp-json\/wp\/v2\/pages"}],"about":[{"href":"https:\/\/www.somprefabrik.com\/en\/wp-json\/wp\/v2\/types\/page"}],"author":[{"embeddable":true,"href":"https:\/\/www.somprefabrik.com\/en\/wp-json\/wp\/v2\/users\/1"}],"replies":[{"embeddable":true,"href":"https:\/\/www.somprefabrik.com\/en\/wp-json\/wp\/v2\/comments?post=10485"}],"version-history":[{"count":41,"href":"https:\/\/www.somprefabrik.com\/en\/wp-json\/wp\/v2\/pages\/10485\/revisions"}],"predecessor-version":[{"id":11119,"href":"https:\/\/www.somprefabrik.com\/en\/wp-json\/wp\/v2\/pages\/10485\/revisions\/11119"}],"wp:attachment":[{"href":"https:\/\/www.somprefabrik.com\/en\/wp-json\/wp\/v2\/media?parent=10485"}],"curies":[{"name":"wp","href":"https:\/\/api.w.org\/{rel}","templated":true}]}}